{"id":5870,"date":"2015-11-12T12:28:52","date_gmt":"2015-11-12T11:28:52","guid":{"rendered":"http:\/\/www.bnlawyers.ch\/en\/?page_id=5870"},"modified":"2021-06-23T10:28:11","modified_gmt":"2021-06-23T08:28:11","slug":"commercial-criminal-law-corruption-law","status":"publish","type":"page","link":"https:\/\/www.bnlawyers.ch\/en\/areas-of-law\/commercial-criminal-law-corruption-law","title":{"rendered":"Commercial criminal law \/ Corruption law"},"content":{"rendered":"<p>Despite all the measures taken by legislators corporate spying, corporate crime (theft, embezzlement resp. misappropriation, fraud, bribery and extortion, accounting and bookkeeping tricks etc.), cyber-crimes and money laundering cannot be eradicated.<\/p>\n<p>We cooperate with IT specialists to uncover and pursue such criminal acts in affected companies (forensic accounting, litigation, support, inducing confiscation, asset tracing and recovery etc.). We also provide support in reviewing compliance management, closing loop holes, identifying conflicts and training and sensitizing employees.<\/p>\n","protected":false},"excerpt":{"rendered":"<p>Despite all the measures taken by legislators corporate spying, corporate crime (theft, embezzlement resp. misappropriation, fraud, bribery and extortion, accounting and bookkeeping tricks etc.), cyber-crimes and money laundering cannot be eradicated. We cooperate with IT specialists to uncover and pursue such criminal acts in affected companies (forensic accounting, litigation, support, inducing confiscation, asset tracing and&hellip;&nbsp;<a href=\"https:\/\/www.bnlawyers.ch\/en\/areas-of-law\/commercial-criminal-law-corruption-law\" rel=\"bookmark\">Read More &raquo;<span class=\"screen-reader-text\">Commercial criminal law \/ Corruption law<\/span><\/a><\/p>\n","protected":false},"author":2,"featured_media":0,"parent":1066,"menu_order":37,"comment_status":"closed","ping_status":"closed","template":"","meta":{"neve_meta_sidebar":"","neve_meta_container":"","neve_meta_enable_content_width":"","neve_meta_content_width":0,"neve_meta_title_alignment":"","neve_meta_author_avatar":"","neve_post_elements_order":"","neve_meta_disable_header":"","neve_meta_disable_footer":"","neve_meta_disable_title":"","neve_meta_reading_time":"","_themeisle_gutenberg_block_has_review":false,"footnotes":""},"rechtsgebiet":[],"class_list":["post-5870","page","type-page","status-publish","hentry"],"yoast_head":"<!-- This site is optimized with the Yoast SEO Premium plugin v26.1 (Yoast SEO v27.3) - https:\/\/yoast.com\/product\/yoast-seo-premium-wordpress\/ -->\n<title>Commercial criminal law \/ Corruption law &#187; B\u00fcrgi N\u00e4geli Lawyers<\/title>\n<meta name=\"robots\" content=\"index, follow, max-snippet:-1, max-image-preview:large, max-video-preview:-1\" \/>\n<link rel=\"canonical\" href=\"https:\/\/www.bnlawyers.ch\/en\/areas-of-law\/commercial-criminal-law-corruption-law\" \/>\n<meta property=\"og:locale\" content=\"en_US\" \/>\n<meta property=\"og:type\" content=\"article\" \/>\n<meta property=\"og:title\" content=\"Commercial criminal law \/ Corruption law\" \/>\n<meta property=\"og:description\" content=\"Despite all the measures taken by legislators corporate spying, corporate crime (theft, embezzlement resp. misappropriation, fraud, bribery and extortion, accounting and bookkeeping tricks etc.), cyber-crimes and money laundering cannot be eradicated. We cooperate with IT specialists to uncover and pursue such criminal acts in affected companies (forensic accounting, litigation, support, inducing confiscation, asset tracing and&hellip;&nbsp;Read More &raquo;Commercial criminal law \/ Corruption law\" \/>\n<meta property=\"og:url\" content=\"https:\/\/www.bnlawyers.ch\/en\/areas-of-law\/commercial-criminal-law-corruption-law\" \/>\n<meta property=\"og:site_name\" content=\"B\u00fcrgi N\u00e4geli Lawyers\" \/>\n<meta property=\"article:modified_time\" content=\"2021-06-23T08:28:11+00:00\" \/>\n<meta property=\"og:image\" content=\"https:\/\/www.bnlawyers.ch\/wp-content\/uploads\/2011\/08\/logo-bnl-map.jpg\" \/>\n<meta name=\"twitter:card\" content=\"summary_large_image\" \/>\n<meta name=\"twitter:site\" content=\"@bnlawyers\" \/>\n<script type=\"application\/ld+json\" class=\"yoast-schema-graph\">{\"@context\":\"https:\\\/\\\/schema.org\",\"@graph\":[{\"@type\":\"WebPage\",\"@id\":\"https:\\\/\\\/www.bnlawyers.ch\\\/en\\\/areas-of-law\\\/commercial-criminal-law-corruption-law\",\"url\":\"https:\\\/\\\/www.bnlawyers.ch\\\/en\\\/areas-of-law\\\/commercial-criminal-law-corruption-law\",\"name\":\"Commercial criminal law \\\/ Corruption law &#187; B\u00fcrgi N\u00e4geli Lawyers\",\"isPartOf\":{\"@id\":\"https:\\\/\\\/www.bnlawyers.ch\\\/en#website\"},\"datePublished\":\"2015-11-12T11:28:52+00:00\",\"dateModified\":\"2021-06-23T08:28:11+00:00\",\"breadcrumb\":{\"@id\":\"https:\\\/\\\/www.bnlawyers.ch\\\/en\\\/areas-of-law\\\/commercial-criminal-law-corruption-law#breadcrumb\"},\"inLanguage\":\"en-US\",\"potentialAction\":[{\"@type\":\"ReadAction\",\"target\":[\"https:\\\/\\\/www.bnlawyers.ch\\\/en\\\/areas-of-law\\\/commercial-criminal-law-corruption-law\"]}]},{\"@type\":\"BreadcrumbList\",\"@id\":\"https:\\\/\\\/www.bnlawyers.ch\\\/en\\\/areas-of-law\\\/commercial-criminal-law-corruption-law#breadcrumb\",\"itemListElement\":[{\"@type\":\"ListItem\",\"position\":1,\"name\":\"Home\",\"item\":\"https:\\\/\\\/www.bnlawyers.ch\\\/en\"},{\"@type\":\"ListItem\",\"position\":2,\"name\":\"Areas of law\",\"item\":\"https:\\\/\\\/www.bnlawyers.ch\\\/en\\\/areas-of-law\"},{\"@type\":\"ListItem\",\"position\":3,\"name\":\"Commercial criminal law \\\/ Corruption law\"}]},{\"@type\":\"WebSite\",\"@id\":\"https:\\\/\\\/www.bnlawyers.ch\\\/en#website\",\"url\":\"https:\\\/\\\/www.bnlawyers.ch\\\/en\",\"name\":\"B\u00fcrgi N\u00e4geli Rechtsanw\u00e4lte\",\"description\":\"Law firm Zurich, Lawyers Zurich, Attorneys-at-law Switzerland\",\"publisher\":{\"@id\":\"https:\\\/\\\/www.bnlawyers.ch\\\/en#organization\"},\"potentialAction\":[{\"@type\":\"SearchAction\",\"target\":{\"@type\":\"EntryPoint\",\"urlTemplate\":\"https:\\\/\\\/www.bnlawyers.ch\\\/en?s={search_term_string}\"},\"query-input\":{\"@type\":\"PropertyValueSpecification\",\"valueRequired\":true,\"valueName\":\"search_term_string\"}}],\"inLanguage\":\"en-US\"},{\"@type\":[\"Organization\",\"Place\",\"LegalService\"],\"@id\":\"https:\\\/\\\/www.bnlawyers.ch\\\/en#organization\",\"name\":\"B\u00fcrgi N\u00e4geli Rechtsanw\u00e4lte\",\"url\":\"https:\\\/\\\/www.bnlawyers.ch\\\/en\",\"logo\":{\"@id\":\"https:\\\/\\\/www.bnlawyers.ch\\\/en\\\/areas-of-law\\\/commercial-criminal-law-corruption-law#local-main-organization-logo\"},\"image\":{\"@id\":\"https:\\\/\\\/www.bnlawyers.ch\\\/en\\\/areas-of-law\\\/commercial-criminal-law-corruption-law#local-main-organization-logo\"},\"sameAs\":[\"https:\\\/\\\/x.com\\\/bnlawyers\",\"https:\\\/\\\/www.linkedin.com\\\/company\\\/b-rgi-n-geli-rechtsanw-lte\"],\"address\":{\"@id\":\"https:\\\/\\\/www.bnlawyers.ch\\\/en\\\/areas-of-law\\\/commercial-criminal-law-corruption-law#local-main-place-address\"},\"geo\":{\"@type\":\"GeoCoordinates\",\"latitude\":\"47.3699218\",\"longitude\":\"8.5437153\"},\"telephone\":[\"+41442684050\"],\"openingHoursSpecification\":[{\"@type\":\"OpeningHoursSpecification\",\"dayOfWeek\":[\"Monday\",\"Tuesday\",\"Wednesday\",\"Thursday\",\"Friday\"],\"opens\":\"08:00\",\"closes\":\"17:00\"},{\"@type\":\"OpeningHoursSpecification\",\"dayOfWeek\":[\"Saturday\",\"Sunday\"],\"opens\":\"00:00\",\"closes\":\"00:00\"}],\"email\":\"info@bnlawyers.ch\",\"faxNumber\":\"+41442684055\"},{\"@type\":\"PostalAddress\",\"@id\":\"https:\\\/\\\/www.bnlawyers.ch\\\/en\\\/areas-of-law\\\/commercial-criminal-law-corruption-law#local-main-place-address\",\"streetAddress\":\"Grossm\u00fcnsterplatz 9\",\"addressLocality\":\"Z\u00fcrich\",\"postalCode\":\"8001\",\"addressRegion\":\"Z\u00fcrich\",\"addressCountry\":\"CH\"},{\"@type\":\"ImageObject\",\"inLanguage\":\"en-US\",\"@id\":\"https:\\\/\\\/www.bnlawyers.ch\\\/en\\\/areas-of-law\\\/commercial-criminal-law-corruption-law#local-main-organization-logo\",\"url\":\"https:\\\/\\\/www.bnlawyers.ch\\\/wp-content\\\/uploads\\\/2021\\\/06\\\/bnl-logo-square.png\",\"contentUrl\":\"https:\\\/\\\/www.bnlawyers.ch\\\/wp-content\\\/uploads\\\/2021\\\/06\\\/bnl-logo-square.png\",\"width\":640,\"height\":640,\"caption\":\"B\u00fcrgi N\u00e4geli Rechtsanw\u00e4lte\"}]}<\/script>\n<meta name=\"geo.placename\" content=\"Z\u00fcrich\" \/>\n<meta name=\"geo.position\" content=\"47.3699218;8.5437153\" \/>\n<meta name=\"geo.region\" content=\"Switzerland\" \/>\n<!-- \/ Yoast SEO Premium plugin. -->","yoast_head_json":{"title":"Commercial criminal law \/ Corruption law &#187; B\u00fcrgi N\u00e4geli Lawyers","robots":{"index":"index","follow":"follow","max-snippet":"max-snippet:-1","max-image-preview":"max-image-preview:large","max-video-preview":"max-video-preview:-1"},"canonical":"https:\/\/www.bnlawyers.ch\/en\/areas-of-law\/commercial-criminal-law-corruption-law","og_locale":"en_US","og_type":"article","og_title":"Commercial criminal law \/ Corruption law","og_description":"Despite all the measures taken by legislators corporate spying, corporate crime (theft, embezzlement resp. misappropriation, fraud, bribery and extortion, accounting and bookkeeping tricks etc.), cyber-crimes and money laundering cannot be eradicated. We cooperate with IT specialists to uncover and pursue such criminal acts in affected companies (forensic accounting, litigation, support, inducing confiscation, asset tracing and&hellip;&nbsp;Read More &raquo;Commercial criminal law \/ Corruption law","og_url":"https:\/\/www.bnlawyers.ch\/en\/areas-of-law\/commercial-criminal-law-corruption-law","og_site_name":"B\u00fcrgi N\u00e4geli Lawyers","article_modified_time":"2021-06-23T08:28:11+00:00","og_image":[{"url":"https:\/\/www.bnlawyers.ch\/wp-content\/uploads\/2011\/08\/logo-bnl-map.jpg","type":"","width":"","height":""}],"twitter_card":"summary_large_image","twitter_site":"@bnlawyers","schema":{"@context":"https:\/\/schema.org","@graph":[{"@type":"WebPage","@id":"https:\/\/www.bnlawyers.ch\/en\/areas-of-law\/commercial-criminal-law-corruption-law","url":"https:\/\/www.bnlawyers.ch\/en\/areas-of-law\/commercial-criminal-law-corruption-law","name":"Commercial criminal law \/ Corruption law &#187; B\u00fcrgi N\u00e4geli Lawyers","isPartOf":{"@id":"https:\/\/www.bnlawyers.ch\/en#website"},"datePublished":"2015-11-12T11:28:52+00:00","dateModified":"2021-06-23T08:28:11+00:00","breadcrumb":{"@id":"https:\/\/www.bnlawyers.ch\/en\/areas-of-law\/commercial-criminal-law-corruption-law#breadcrumb"},"inLanguage":"en-US","potentialAction":[{"@type":"ReadAction","target":["https:\/\/www.bnlawyers.ch\/en\/areas-of-law\/commercial-criminal-law-corruption-law"]}]},{"@type":"BreadcrumbList","@id":"https:\/\/www.bnlawyers.ch\/en\/areas-of-law\/commercial-criminal-law-corruption-law#breadcrumb","itemListElement":[{"@type":"ListItem","position":1,"name":"Home","item":"https:\/\/www.bnlawyers.ch\/en"},{"@type":"ListItem","position":2,"name":"Areas of law","item":"https:\/\/www.bnlawyers.ch\/en\/areas-of-law"},{"@type":"ListItem","position":3,"name":"Commercial criminal law \/ Corruption law"}]},{"@type":"WebSite","@id":"https:\/\/www.bnlawyers.ch\/en#website","url":"https:\/\/www.bnlawyers.ch\/en","name":"B\u00fcrgi N\u00e4geli Rechtsanw\u00e4lte","description":"Law firm Zurich, Lawyers Zurich, Attorneys-at-law Switzerland","publisher":{"@id":"https:\/\/www.bnlawyers.ch\/en#organization"},"potentialAction":[{"@type":"SearchAction","target":{"@type":"EntryPoint","urlTemplate":"https:\/\/www.bnlawyers.ch\/en?s={search_term_string}"},"query-input":{"@type":"PropertyValueSpecification","valueRequired":true,"valueName":"search_term_string"}}],"inLanguage":"en-US"},{"@type":["Organization","Place","LegalService"],"@id":"https:\/\/www.bnlawyers.ch\/en#organization","name":"B\u00fcrgi N\u00e4geli Rechtsanw\u00e4lte","url":"https:\/\/www.bnlawyers.ch\/en","logo":{"@id":"https:\/\/www.bnlawyers.ch\/en\/areas-of-law\/commercial-criminal-law-corruption-law#local-main-organization-logo"},"image":{"@id":"https:\/\/www.bnlawyers.ch\/en\/areas-of-law\/commercial-criminal-law-corruption-law#local-main-organization-logo"},"sameAs":["https:\/\/x.com\/bnlawyers","https:\/\/www.linkedin.com\/company\/b-rgi-n-geli-rechtsanw-lte"],"address":{"@id":"https:\/\/www.bnlawyers.ch\/en\/areas-of-law\/commercial-criminal-law-corruption-law#local-main-place-address"},"geo":{"@type":"GeoCoordinates","latitude":"47.3699218","longitude":"8.5437153"},"telephone":["+41442684050"],"openingHoursSpecification":[{"@type":"OpeningHoursSpecification","dayOfWeek":["Monday","Tuesday","Wednesday","Thursday","Friday"],"opens":"08:00","closes":"17:00"},{"@type":"OpeningHoursSpecification","dayOfWeek":["Saturday","Sunday"],"opens":"00:00","closes":"00:00"}],"email":"info@bnlawyers.ch","faxNumber":"+41442684055"},{"@type":"PostalAddress","@id":"https:\/\/www.bnlawyers.ch\/en\/areas-of-law\/commercial-criminal-law-corruption-law#local-main-place-address","streetAddress":"Grossm\u00fcnsterplatz 9","addressLocality":"Z\u00fcrich","postalCode":"8001","addressRegion":"Z\u00fcrich","addressCountry":"CH"},{"@type":"ImageObject","inLanguage":"en-US","@id":"https:\/\/www.bnlawyers.ch\/en\/areas-of-law\/commercial-criminal-law-corruption-law#local-main-organization-logo","url":"https:\/\/www.bnlawyers.ch\/wp-content\/uploads\/2021\/06\/bnl-logo-square.png","contentUrl":"https:\/\/www.bnlawyers.ch\/wp-content\/uploads\/2021\/06\/bnl-logo-square.png","width":640,"height":640,"caption":"B\u00fcrgi N\u00e4geli Rechtsanw\u00e4lte"}]},"geo.placename":"Z\u00fcrich","geo.position":{"lat":"47.3699218","long":"8.5437153"},"geo.region":"Switzerland"},"_links":{"self":[{"href":"https:\/\/www.bnlawyers.ch\/en\/wp-json\/wp\/v2\/pages\/5870","targetHints":{"allow":["GET"]}}],"collection":[{"href":"https:\/\/www.bnlawyers.ch\/en\/wp-json\/wp\/v2\/pages"}],"about":[{"href":"https:\/\/www.bnlawyers.ch\/en\/wp-json\/wp\/v2\/types\/page"}],"author":[{"embeddable":true,"href":"https:\/\/www.bnlawyers.ch\/en\/wp-json\/wp\/v2\/users\/2"}],"replies":[{"embeddable":true,"href":"https:\/\/www.bnlawyers.ch\/en\/wp-json\/wp\/v2\/comments?post=5870"}],"version-history":[{"count":0,"href":"https:\/\/www.bnlawyers.ch\/en\/wp-json\/wp\/v2\/pages\/5870\/revisions"}],"up":[{"embeddable":true,"href":"https:\/\/www.bnlawyers.ch\/en\/wp-json\/wp\/v2\/pages\/1066"}],"wp:attachment":[{"href":"https:\/\/www.bnlawyers.ch\/en\/wp-json\/wp\/v2\/media?parent=5870"}],"wp:term":[{"taxonomy":"rechtsgebiet","embeddable":true,"href":"https:\/\/www.bnlawyers.ch\/en\/wp-json\/wp\/v2\/rechtsgebiet?post=5870"}],"curies":[{"name":"wp","href":"https:\/\/api.w.org\/{rel}","templated":true}]}}