{"id":206,"date":"2011-06-27T15:28:40","date_gmt":"2011-06-27T15:28:40","guid":{"rendered":"http:\/\/bnlawyers.ch\/?page_id=206"},"modified":"2015-11-12T10:25:18","modified_gmt":"2015-11-12T09:25:18","slug":"sitemap","status":"publish","type":"page","link":"https:\/\/www.bnlawyers.ch\/en\/sitemap","title":{"rendered":"Sitemap"},"content":{"rendered":"<ul><li><a href=\"https:\/\/www.bnlawyers.ch\/en\">Welcome to B\u00fcrgi N\u00e4geli Lawyers<\/a><\/li>\n<li><a href=\"https:\/\/www.bnlawyers.ch\/en\/areas-of-law\">Areas of law<\/a>\n<ul class='children'>\n\t<li><a href=\"https:\/\/www.bnlawyers.ch\/en\/areas-of-law\/employment-labor-law\">Employment law \/ Labor law<\/a><\/li>\n\t<li><a href=\"https:\/\/www.bnlawyers.ch\/en\/areas-of-law\/architectural-law\">Architectural law<\/a><\/li>\n\t<li><a href=\"https:\/\/www.bnlawyers.ch\/en\/areas-of-law\/art-law\">Art law<\/a><\/li>\n\t<li><a href=\"https:\/\/www.bnlawyers.ch\/en\/areas-of-law\/vehicle-law\">Vehicle Law<\/a><\/li>\n\t<li><a href=\"https:\/\/www.bnlawyers.ch\/en\/areas-of-law\/building_law-planning_law\">Building law \/ Planning law<\/a><\/li>\n\t<li><a href=\"https:\/\/www.bnlawyers.ch\/en\/areas-of-law\/banking-law\">Banking law<\/a><\/li>\n\t<li><a href=\"https:\/\/www.bnlawyers.ch\/en\/areas-of-law\/e-commerce\">E-Commerce<\/a><\/li>\n\t<li><a href=\"https:\/\/www.bnlawyers.ch\/en\/areas-of-law\/expropriation-law\">Expropriation law<\/a><\/li>\n\t<li><a href=\"https:\/\/www.bnlawyers.ch\/en\/areas-of-law\/inheritance-law\">Inheritance law<\/a><\/li>\n\t<li><a href=\"https:\/\/www.bnlawyers.ch\/en\/areas-of-law\/family-law\">Family law (marital law, children\u2019s rights, protection of adults)<\/a><\/li>\n\t<li><a href=\"https:\/\/www.bnlawyers.ch\/en\/areas-of-law\/financial-market-law\">Financial market law<\/a><\/li>\n\t<li><a href=\"https:\/\/www.bnlawyers.ch\/en\/areas-of-law\/corporate_law\">Corporate law<\/a><\/li>\n\t<li><a href=\"https:\/\/www.bnlawyers.ch\/en\/areas-of-law\/liability_law\">Liability law<\/a><\/li>\n\t<li><a href=\"https:\/\/www.bnlawyers.ch\/en\/areas-of-law\/commercial-law\">Commercial law (general)<\/a><\/li>\n\t<li><a href=\"https:\/\/www.bnlawyers.ch\/en\/areas-of-law\/intellectual-property-law\">Intellectual property law<\/a><\/li>\n\t<li><a href=\"https:\/\/www.bnlawyers.ch\/en\/areas-of-law\/real-estate-law\">Real estate law<\/a><\/li>\n\t<li><a href=\"https:\/\/www.bnlawyers.ch\/en\/areas-of-law\/international-law\">International law<\/a><\/li>\n\t<li><a href=\"https:\/\/www.bnlawyers.ch\/en\/areas-of-law\/media-law-advertising-law\">Media law \/ Advertising law<\/a><\/li>\n\t<li><a href=\"https:\/\/www.bnlawyers.ch\/en\/areas-of-law\/rental_law-leasing_law\">Rental law, leasing law<\/a><\/li>\n\t<li><a href=\"https:\/\/www.bnlawyers.ch\/en\/areas-of-law\/notarial-services\">Notarial services<\/a><\/li>\n\t<li><a href=\"https:\/\/www.bnlawyers.ch\/en\/areas-of-law\/product-liability-law\">Product liability law<\/a><\/li>\n\t<li><a href=\"https:\/\/www.bnlawyers.ch\/en\/areas-of-law\/litigation-and-arbitration\">Litigation \/ ADR \/ Arbitration<\/a><\/li>\n\t<li><a href=\"https:\/\/www.bnlawyers.ch\/en\/areas-of-law\/corporate_restructuring-business_revitalization\">Corporate restructuring, Business revitalization<\/a><\/li>\n\t<li><a href=\"https:\/\/www.bnlawyers.ch\/en\/areas-of-law\/debt_recovery_law-bankruptcy_law\">Debt recovery law, Bankruptcy law<\/a><\/li>\n\t<li><a href=\"https:\/\/www.bnlawyers.ch\/en\/areas-of-law\/taxation\">Taxation \/ Public dues<\/a><\/li>\n\t<li><a href=\"https:\/\/www.bnlawyers.ch\/en\/areas-of-law\/criminal-law\">Criminal law<\/a><\/li>\n\t<li><a href=\"https:\/\/www.bnlawyers.ch\/en\/areas-of-law\/traffic-law\">Traffic law<\/a><\/li>\n\t<li><a href=\"https:\/\/www.bnlawyers.ch\/en\/areas-of-law\/technology\">Technology<\/a><\/li>\n\t<li><a href=\"https:\/\/www.bnlawyers.ch\/en\/areas-of-law\/telecom-law\">Telecom law<\/a><\/li>\n\t<li><a href=\"https:\/\/www.bnlawyers.ch\/en\/areas-of-law\/environmental-law\">Environmental law<\/a><\/li>\n\t<li><a href=\"https:\/\/www.bnlawyers.ch\/en\/areas-of-law\/corporate-criminal-law\">Corporate criminal law<\/a><\/li>\n\t<li><a href=\"https:\/\/www.bnlawyers.ch\/en\/areas-of-law\/insurance-law\">Insurance law<\/a><\/li>\n\t<li><a href=\"https:\/\/www.bnlawyers.ch\/en\/areas-of-law\/contract_law\">Contract law<\/a><\/li>\n\t<li><a href=\"https:\/\/www.bnlawyers.ch\/en\/areas-of-law\/distribution-law\">Distribution law<\/a><\/li>\n\t<li><a href=\"https:\/\/www.bnlawyers.ch\/en\/areas-of-law\/administrative-law\">Administrative law<\/a><\/li>\n\t<li><a href=\"https:\/\/www.bnlawyers.ch\/en\/areas-of-law\/competition-law\">Competition law<\/a><\/li>\n\t<li><a href=\"https:\/\/www.bnlawyers.ch\/en\/areas-of-law\/contract-law-for-work-and-labor\">Contract\u00a0law\u00a0for work and\u00a0labor<\/a><\/li>\n\t<li><a href=\"https:\/\/www.bnlawyers.ch\/en\/areas-of-law\/commercial-criminal-law-corruption-law\">Commercial criminal law \/ Corruption law<\/a><\/li>\n<\/ul>\n<\/li>\n<li><a href=\"https:\/\/www.bnlawyers.ch\/en\/vacancies\">Vacancies<\/a><\/li>\n<li><a href=\"https:\/\/www.bnlawyers.ch\/en\/services\">Services<\/a>\n<ul class='children'>\n\t<li><a href=\"https:\/\/www.bnlawyers.ch\/en\/services\/legal-services-for-business\">Legal services and solutions for business<\/a><\/li>\n\t<li><a href=\"https:\/\/www.bnlawyers.ch\/en\/services\/legal-services-for-public-authorities\">Legal services for public authorities and departments<\/a><\/li>\n\t<li><a href=\"https:\/\/www.bnlawyers.ch\/en\/services\/legal-services-for-private-individuals\">Legal services and solutions for private individuals<\/a><\/li>\n<\/ul>\n<\/li>\n<li><a href=\"https:\/\/www.bnlawyers.ch\/en\/areas-of-activity\">Areas of Activity<\/a>\n<ul class='children'>\n\t<li><a href=\"https:\/\/www.bnlawyers.ch\/en\/areas-of-activity\/consulting\">Consulting<\/a><\/li>\n\t<li><a href=\"https:\/\/www.bnlawyers.ch\/en\/areas-of-activity\/strategic-management\">Strategic Management<\/a><\/li>\n\t<li><a href=\"https:\/\/www.bnlawyers.ch\/en\/areas-of-activity\/dispute-resolution\">Dispute Resolution<\/a><\/li>\n\t<li><a href=\"https:\/\/www.bnlawyers.ch\/en\/areas-of-activity\/litigation\">Litigation<\/a><\/li>\n\t<li><a href=\"https:\/\/www.bnlawyers.ch\/en\/areas-of-activity\/representation\">Representation<\/a><\/li>\n\t<li><a href=\"https:\/\/www.bnlawyers.ch\/en\/areas-of-activity\/knowledge-management-coaching\">Knowledge Management \/ Coaching<\/a><\/li>\n<\/ul>\n<\/li>\n<li><a href=\"https:\/\/www.bnlawyers.ch\/en\/about-us\">About us<\/a>\n<ul class='children'>\n\t<li><a href=\"https:\/\/www.bnlawyers.ch\/en\/about-us\/our-consulting-focus\">Our consulting focus<\/a><\/li>\n\t<li><a href=\"https:\/\/www.bnlawyers.ch\/en\/about-us\/approach-to-consulting\">Approach to consulting<\/a><\/li>\n\t<li><a href=\"https:\/\/www.bnlawyers.ch\/en\/about-us\/events\">Events<\/a><\/li>\n<\/ul>\n<\/li>\n<li><a href=\"https:\/\/www.bnlawyers.ch\/en\/publications\">Publications<\/a>\n<ul class='children'>\n\t<li><a href=\"https:\/\/www.bnlawyers.ch\/en\/publications\/specialist-articles-newspaper-articles\">Specialist articles \/ Newspaper articles<\/a><\/li>\n\t<li><a href=\"https:\/\/www.bnlawyers.ch\/en\/publications\/books-and-annotations\">Books and Annotations<\/a><\/li>\n<\/ul>\n<\/li>\n<li><a href=\"https:\/\/www.bnlawyers.ch\/en\/contact\">Contact<\/a><\/li>\n<li><a href=\"https:\/\/www.bnlawyers.ch\/en\/imprint\">Imprint<\/a><\/li>\n<li><a href=\"https:\/\/www.bnlawyers.ch\/en\/contactform\">Contactform<\/a><\/li>\n<li><a href=\"https:\/\/www.bnlawyers.ch\/en\/sitemap\">Sitemap<\/a><\/li>\n<li><a href=\"https:\/\/www.bnlawyers.ch\/en\/legal-notice\">Legal Notice<\/a><\/li>\n<li><a href=\"https:\/\/www.bnlawyers.ch\/en\/disclaimer\">Disclaimer<\/a><\/li>\n<li><a href=\"https:\/\/www.bnlawyers.ch\/en\/privacy\">Privacy Policy<\/a><\/li>\n<\/ul>\n","protected":false},"excerpt":{"rendered":"","protected":false},"author":2,"featured_media":0,"parent":0,"menu_order":11,"comment_status":"closed","ping_status":"closed","template":"","meta":{"neve_meta_sidebar":"","neve_meta_container":"","neve_meta_enable_content_width":"","neve_meta_content_width":0,"neve_meta_title_alignment":"","neve_meta_author_avatar":"","neve_post_elements_order":"","neve_meta_disable_header":"","neve_meta_disable_footer":"","neve_meta_disable_title":"","neve_meta_reading_time":"","_themeisle_gutenberg_block_has_review":false,"footnotes":""},"rechtsgebiet":[],"class_list":["post-206","page","type-page","status-publish","hentry"],"yoast_head":"<!-- This site is optimized with the Yoast SEO Premium plugin v26.1 (Yoast SEO v27.3) - https:\/\/yoast.com\/product\/yoast-seo-premium-wordpress\/ -->\n<title>Sitemap &#187; B\u00fcrgi N\u00e4geli Lawyers<\/title>\n<meta name=\"robots\" content=\"index, follow, max-snippet:-1, max-image-preview:large, max-video-preview:-1\" \/>\n<link rel=\"canonical\" href=\"https:\/\/www.bnlawyers.ch\/en\/sitemap\" \/>\n<meta property=\"og:locale\" content=\"en_US\" \/>\n<meta property=\"og:type\" content=\"article\" \/>\n<meta property=\"og:title\" content=\"Sitemap\" \/>\n<meta property=\"og:url\" content=\"https:\/\/www.bnlawyers.ch\/en\/sitemap\" \/>\n<meta property=\"og:site_name\" content=\"B\u00fcrgi N\u00e4geli Lawyers\" \/>\n<meta property=\"article:modified_time\" content=\"2015-11-12T09:25:18+00:00\" \/>\n<meta property=\"og:image\" content=\"https:\/\/www.bnlawyers.ch\/wp-content\/uploads\/2011\/08\/logo-bnl-map.jpg\" \/>\n<meta name=\"twitter:card\" content=\"summary_large_image\" \/>\n<meta name=\"twitter:site\" content=\"@bnlawyers\" \/>\n<script type=\"application\/ld+json\" class=\"yoast-schema-graph\">{\"@context\":\"https:\\\/\\\/schema.org\",\"@graph\":[{\"@type\":\"WebPage\",\"@id\":\"https:\\\/\\\/www.bnlawyers.ch\\\/en\\\/sitemap\",\"url\":\"https:\\\/\\\/www.bnlawyers.ch\\\/en\\\/sitemap\",\"name\":\"Sitemap &#187; B\u00fcrgi N\u00e4geli Lawyers\",\"isPartOf\":{\"@id\":\"https:\\\/\\\/www.bnlawyers.ch\\\/en#website\"},\"datePublished\":\"2011-06-27T15:28:40+00:00\",\"dateModified\":\"2015-11-12T09:25:18+00:00\",\"breadcrumb\":{\"@id\":\"https:\\\/\\\/www.bnlawyers.ch\\\/en\\\/sitemap#breadcrumb\"},\"inLanguage\":\"en-US\",\"potentialAction\":[{\"@type\":\"ReadAction\",\"target\":[\"https:\\\/\\\/www.bnlawyers.ch\\\/en\\\/sitemap\"]}]},{\"@type\":\"BreadcrumbList\",\"@id\":\"https:\\\/\\\/www.bnlawyers.ch\\\/en\\\/sitemap#breadcrumb\",\"itemListElement\":[{\"@type\":\"ListItem\",\"position\":1,\"name\":\"Home\",\"item\":\"https:\\\/\\\/www.bnlawyers.ch\\\/en\"},{\"@type\":\"ListItem\",\"position\":2,\"name\":\"Sitemap\"}]},{\"@type\":\"WebSite\",\"@id\":\"https:\\\/\\\/www.bnlawyers.ch\\\/en#website\",\"url\":\"https:\\\/\\\/www.bnlawyers.ch\\\/en\",\"name\":\"B\u00fcrgi N\u00e4geli Rechtsanw\u00e4lte\",\"description\":\"Law firm Zurich, Lawyers Zurich, Attorneys-at-law Switzerland\",\"publisher\":{\"@id\":\"https:\\\/\\\/www.bnlawyers.ch\\\/en#organization\"},\"potentialAction\":[{\"@type\":\"SearchAction\",\"target\":{\"@type\":\"EntryPoint\",\"urlTemplate\":\"https:\\\/\\\/www.bnlawyers.ch\\\/en?s={search_term_string}\"},\"query-input\":{\"@type\":\"PropertyValueSpecification\",\"valueRequired\":true,\"valueName\":\"search_term_string\"}}],\"inLanguage\":\"en-US\"},{\"@type\":[\"Organization\",\"Place\",\"LegalService\"],\"@id\":\"https:\\\/\\\/www.bnlawyers.ch\\\/en#organization\",\"name\":\"B\u00fcrgi N\u00e4geli Rechtsanw\u00e4lte\",\"url\":\"https:\\\/\\\/www.bnlawyers.ch\\\/en\",\"logo\":{\"@id\":\"https:\\\/\\\/www.bnlawyers.ch\\\/en\\\/sitemap#local-main-organization-logo\"},\"image\":{\"@id\":\"https:\\\/\\\/www.bnlawyers.ch\\\/en\\\/sitemap#local-main-organization-logo\"},\"sameAs\":[\"https:\\\/\\\/x.com\\\/bnlawyers\",\"https:\\\/\\\/www.linkedin.com\\\/company\\\/b-rgi-n-geli-rechtsanw-lte\"],\"address\":{\"@id\":\"https:\\\/\\\/www.bnlawyers.ch\\\/en\\\/sitemap#local-main-place-address\"},\"geo\":{\"@type\":\"GeoCoordinates\",\"latitude\":\"47.3699218\",\"longitude\":\"8.5437153\"},\"telephone\":[\"+41442684050\"],\"openingHoursSpecification\":[{\"@type\":\"OpeningHoursSpecification\",\"dayOfWeek\":[\"Monday\",\"Tuesday\",\"Wednesday\",\"Thursday\",\"Friday\"],\"opens\":\"08:00\",\"closes\":\"17:00\"},{\"@type\":\"OpeningHoursSpecification\",\"dayOfWeek\":[\"Saturday\",\"Sunday\"],\"opens\":\"00:00\",\"closes\":\"00:00\"}],\"email\":\"info@bnlawyers.ch\",\"faxNumber\":\"+41442684055\"},{\"@type\":\"PostalAddress\",\"@id\":\"https:\\\/\\\/www.bnlawyers.ch\\\/en\\\/sitemap#local-main-place-address\",\"streetAddress\":\"Grossm\u00fcnsterplatz 9\",\"addressLocality\":\"Z\u00fcrich\",\"postalCode\":\"8001\",\"addressRegion\":\"Z\u00fcrich\",\"addressCountry\":\"CH\"},{\"@type\":\"ImageObject\",\"inLanguage\":\"en-US\",\"@id\":\"https:\\\/\\\/www.bnlawyers.ch\\\/en\\\/sitemap#local-main-organization-logo\",\"url\":\"https:\\\/\\\/www.bnlawyers.ch\\\/wp-content\\\/uploads\\\/2021\\\/06\\\/bnl-logo-square.png\",\"contentUrl\":\"https:\\\/\\\/www.bnlawyers.ch\\\/wp-content\\\/uploads\\\/2021\\\/06\\\/bnl-logo-square.png\",\"width\":640,\"height\":640,\"caption\":\"B\u00fcrgi N\u00e4geli Rechtsanw\u00e4lte\"}]}<\/script>\n<meta name=\"geo.placename\" content=\"Z\u00fcrich\" \/>\n<meta name=\"geo.position\" content=\"47.3699218;8.5437153\" \/>\n<meta name=\"geo.region\" content=\"Switzerland\" \/>\n<!-- \/ Yoast SEO Premium plugin. -->","yoast_head_json":{"title":"Sitemap &#187; B\u00fcrgi N\u00e4geli Lawyers","robots":{"index":"index","follow":"follow","max-snippet":"max-snippet:-1","max-image-preview":"max-image-preview:large","max-video-preview":"max-video-preview:-1"},"canonical":"https:\/\/www.bnlawyers.ch\/en\/sitemap","og_locale":"en_US","og_type":"article","og_title":"Sitemap","og_url":"https:\/\/www.bnlawyers.ch\/en\/sitemap","og_site_name":"B\u00fcrgi N\u00e4geli Lawyers","article_modified_time":"2015-11-12T09:25:18+00:00","og_image":[{"url":"https:\/\/www.bnlawyers.ch\/wp-content\/uploads\/2011\/08\/logo-bnl-map.jpg","type":"","width":"","height":""}],"twitter_card":"summary_large_image","twitter_site":"@bnlawyers","schema":{"@context":"https:\/\/schema.org","@graph":[{"@type":"WebPage","@id":"https:\/\/www.bnlawyers.ch\/en\/sitemap","url":"https:\/\/www.bnlawyers.ch\/en\/sitemap","name":"Sitemap &#187; B\u00fcrgi N\u00e4geli Lawyers","isPartOf":{"@id":"https:\/\/www.bnlawyers.ch\/en#website"},"datePublished":"2011-06-27T15:28:40+00:00","dateModified":"2015-11-12T09:25:18+00:00","breadcrumb":{"@id":"https:\/\/www.bnlawyers.ch\/en\/sitemap#breadcrumb"},"inLanguage":"en-US","potentialAction":[{"@type":"ReadAction","target":["https:\/\/www.bnlawyers.ch\/en\/sitemap"]}]},{"@type":"BreadcrumbList","@id":"https:\/\/www.bnlawyers.ch\/en\/sitemap#breadcrumb","itemListElement":[{"@type":"ListItem","position":1,"name":"Home","item":"https:\/\/www.bnlawyers.ch\/en"},{"@type":"ListItem","position":2,"name":"Sitemap"}]},{"@type":"WebSite","@id":"https:\/\/www.bnlawyers.ch\/en#website","url":"https:\/\/www.bnlawyers.ch\/en","name":"B\u00fcrgi N\u00e4geli Rechtsanw\u00e4lte","description":"Law firm Zurich, Lawyers Zurich, Attorneys-at-law Switzerland","publisher":{"@id":"https:\/\/www.bnlawyers.ch\/en#organization"},"potentialAction":[{"@type":"SearchAction","target":{"@type":"EntryPoint","urlTemplate":"https:\/\/www.bnlawyers.ch\/en?s={search_term_string}"},"query-input":{"@type":"PropertyValueSpecification","valueRequired":true,"valueName":"search_term_string"}}],"inLanguage":"en-US"},{"@type":["Organization","Place","LegalService"],"@id":"https:\/\/www.bnlawyers.ch\/en#organization","name":"B\u00fcrgi N\u00e4geli Rechtsanw\u00e4lte","url":"https:\/\/www.bnlawyers.ch\/en","logo":{"@id":"https:\/\/www.bnlawyers.ch\/en\/sitemap#local-main-organization-logo"},"image":{"@id":"https:\/\/www.bnlawyers.ch\/en\/sitemap#local-main-organization-logo"},"sameAs":["https:\/\/x.com\/bnlawyers","https:\/\/www.linkedin.com\/company\/b-rgi-n-geli-rechtsanw-lte"],"address":{"@id":"https:\/\/www.bnlawyers.ch\/en\/sitemap#local-main-place-address"},"geo":{"@type":"GeoCoordinates","latitude":"47.3699218","longitude":"8.5437153"},"telephone":["+41442684050"],"openingHoursSpecification":[{"@type":"OpeningHoursSpecification","dayOfWeek":["Monday","Tuesday","Wednesday","Thursday","Friday"],"opens":"08:00","closes":"17:00"},{"@type":"OpeningHoursSpecification","dayOfWeek":["Saturday","Sunday"],"opens":"00:00","closes":"00:00"}],"email":"info@bnlawyers.ch","faxNumber":"+41442684055"},{"@type":"PostalAddress","@id":"https:\/\/www.bnlawyers.ch\/en\/sitemap#local-main-place-address","streetAddress":"Grossm\u00fcnsterplatz 9","addressLocality":"Z\u00fcrich","postalCode":"8001","addressRegion":"Z\u00fcrich","addressCountry":"CH"},{"@type":"ImageObject","inLanguage":"en-US","@id":"https:\/\/www.bnlawyers.ch\/en\/sitemap#local-main-organization-logo","url":"https:\/\/www.bnlawyers.ch\/wp-content\/uploads\/2021\/06\/bnl-logo-square.png","contentUrl":"https:\/\/www.bnlawyers.ch\/wp-content\/uploads\/2021\/06\/bnl-logo-square.png","width":640,"height":640,"caption":"B\u00fcrgi N\u00e4geli Rechtsanw\u00e4lte"}]},"geo.placename":"Z\u00fcrich","geo.position":{"lat":"47.3699218","long":"8.5437153"},"geo.region":"Switzerland"},"_links":{"self":[{"href":"https:\/\/www.bnlawyers.ch\/en\/wp-json\/wp\/v2\/pages\/206","targetHints":{"allow":["GET"]}}],"collection":[{"href":"https:\/\/www.bnlawyers.ch\/en\/wp-json\/wp\/v2\/pages"}],"about":[{"href":"https:\/\/www.bnlawyers.ch\/en\/wp-json\/wp\/v2\/types\/page"}],"author":[{"embeddable":true,"href":"https:\/\/www.bnlawyers.ch\/en\/wp-json\/wp\/v2\/users\/2"}],"replies":[{"embeddable":true,"href":"https:\/\/www.bnlawyers.ch\/en\/wp-json\/wp\/v2\/comments?post=206"}],"version-history":[{"count":0,"href":"https:\/\/www.bnlawyers.ch\/en\/wp-json\/wp\/v2\/pages\/206\/revisions"}],"wp:attachment":[{"href":"https:\/\/www.bnlawyers.ch\/en\/wp-json\/wp\/v2\/media?parent=206"}],"wp:term":[{"taxonomy":"rechtsgebiet","embeddable":true,"href":"https:\/\/www.bnlawyers.ch\/en\/wp-json\/wp\/v2\/rechtsgebiet?post=206"}],"curies":[{"name":"wp","href":"https:\/\/api.w.org\/{rel}","templated":true}]}}