{"id":1159,"date":"2011-11-09T17:04:41","date_gmt":"2011-11-09T16:04:41","guid":{"rendered":"http:\/\/bnlawyers.ch\/?page_id=1159"},"modified":"2018-03-01T16:39:41","modified_gmt":"2018-03-01T15:39:41","slug":"events","status":"publish","type":"page","link":"https:\/\/www.bnlawyers.ch\/en\/about-us\/events","title":{"rendered":"Events"},"content":{"rendered":"<p>We are available to address groups with material specially written for the occasion. We also frequently participate in our clients\u2019 in-house training courses.<\/p>\n<h3>Training courses, seminars<\/h3>\n<p>We conduct training courses for businesses, organizations and the public at large.<\/p>\n<div class=\"ym-grid\">\n<div class=\"ym-g50 ym-gl\">\n<h4>Clients&#8217; in-house training programs<\/h4>\n<p>current examples:<\/p>\n<ul>\n<li>the new Code of Civil Procedure (ZPO)<\/li>\n<li>debt collection for accounting staff<\/li>\n<li>mortgages for bank staff<\/li>\n<li>bequests training for charitable organizations<\/li>\n<li>training course on construction worker liens<\/li>\n<li>execution of wills<\/li>\n<\/ul>\n<\/div>\n<div class=\"ym-g50 ym-gr\">\n<h4>Public seminars<\/h4>\n<p>current examples:<\/p>\n<ul>\n<li>legacy liabilities, intensive course<\/li>\n<li>EU\/EFTA citizens working in Switzerland<\/li>\n<li>inheritance and bequests<\/li>\n<li>property tax<\/li>\n<li>crisis management<\/li>\n<li>entrepreneurial opportunities in Switzerland<\/li>\n<\/ul>\n<\/div>\n<\/div>\n<h4>Previous talks:<\/h4>\n<ul>\n<li>Focus on construction worker liens (for SSHV\/ASCA)<\/li>\n<\/ul>\n<p class=\"calltoaction\"><a title=\"Contact us\" href=\"\/?page_id=1183\">\u00bb Contact<\/a><\/p>\n<h3>Trade fairs<\/h3>\n<p>We are regularly present at the following international real estate fairs:<\/p>\n<div class=\"ym-grid\">\n<div class=\"ym-g50 ym-gl\">\n<h4>MIPIM Cannes<\/h4>\n<p><img decoding=\"async\" class=\"alignnone size-full wp-image-942\" title=\"MIPIM Cannes\" src=\"https:\/\/www.bnlawyers.ch\/wp-content\/uploads\/logo-mipim-hp.png\" alt=\"\" width=\"225\" height=\"72\" \/><\/p>\n<ul>\n<li><a title=\"MIPIM\" href=\"http:\/\/www.mipim.com\/\" target=\"_blank\" rel=\"noopener\">www.mipim.com<\/a><\/li>\n<\/ul>\n<\/div>\n<div class=\"ym-g50 ym-gl\">\n<h4>ExpoReal Munich<\/h4>\n<p><img decoding=\"async\" class=\"alignnone size-full wp-image-943\" title=\"ExpoReal\" src=\"https:\/\/www.bnlawyers.ch\/wp-content\/uploads\/exporeal-logo.jpg\" alt=\"\" width=\"72\" height=\"72\" \/><\/p>\n<ul>\n<li><a title=\"ExpoReal\" href=\"http:\/\/www.exporeal.net\/\" target=\"_blank\" rel=\"noopener\">www.exporeal.net<\/a><\/li>\n<\/ul>\n<\/div>\n<\/div>\n","protected":false},"excerpt":{"rendered":"<p>We are available to address groups with material specially written for the occasion. We also frequently participate in our clients\u2019 in-house training courses. Training courses, seminars We conduct training courses for businesses, organizations and the public at large. Clients&#8217; in-house training programs current examples: the new Code of Civil Procedure (ZPO) debt collection for accounting&hellip;&nbsp;<a href=\"https:\/\/www.bnlawyers.ch\/en\/about-us\/events\" rel=\"bookmark\">Read More &raquo;<span class=\"screen-reader-text\">Events<\/span><\/a><\/p>\n","protected":false},"author":2,"featured_media":0,"parent":1147,"menu_order":4,"comment_status":"closed","ping_status":"closed","template":"","meta":{"neve_meta_sidebar":"","neve_meta_container":"","neve_meta_enable_content_width":"","neve_meta_content_width":0,"neve_meta_title_alignment":"","neve_meta_author_avatar":"","neve_post_elements_order":"","neve_meta_disable_header":"","neve_meta_disable_footer":"","neve_meta_disable_title":"","neve_meta_reading_time":"","_themeisle_gutenberg_block_has_review":false,"footnotes":""},"rechtsgebiet":[],"class_list":["post-1159","page","type-page","status-publish","hentry"],"yoast_head":"<!-- This site is optimized with the Yoast SEO Premium plugin v26.1 (Yoast SEO v27.3) - https:\/\/yoast.com\/product\/yoast-seo-premium-wordpress\/ -->\n<title>Events &#187; B\u00fcrgi N\u00e4geli Lawyers<\/title>\n<meta name=\"robots\" content=\"index, follow, max-snippet:-1, max-image-preview:large, max-video-preview:-1\" \/>\n<link rel=\"canonical\" href=\"https:\/\/www.bnlawyers.ch\/en\/about-us\/events\" \/>\n<meta property=\"og:locale\" content=\"en_US\" \/>\n<meta property=\"og:type\" content=\"article\" \/>\n<meta property=\"og:title\" content=\"Events\" \/>\n<meta property=\"og:description\" content=\"We are available to address groups with material specially written for the occasion. We also frequently participate in our clients\u2019 in-house training courses. Training courses, seminars We conduct training courses for businesses, organizations and the public at large. Clients&#8217; in-house training programs current examples: the new Code of Civil Procedure (ZPO) debt collection for accounting&hellip;&nbsp;Read More &raquo;Events\" \/>\n<meta property=\"og:url\" content=\"https:\/\/www.bnlawyers.ch\/en\/about-us\/events\" \/>\n<meta property=\"og:site_name\" content=\"B\u00fcrgi N\u00e4geli Lawyers\" \/>\n<meta property=\"article:modified_time\" content=\"2018-03-01T15:39:41+00:00\" \/>\n<meta property=\"og:image\" content=\"https:\/\/www.bnlawyers.ch\/wp-content\/uploads\/logo-mipim-hp.png\" \/>\n<meta name=\"twitter:card\" content=\"summary_large_image\" \/>\n<meta name=\"twitter:site\" content=\"@bnlawyers\" \/>\n<meta name=\"twitter:label1\" content=\"Est. reading time\" \/>\n\t<meta name=\"twitter:data1\" content=\"1 minute\" \/>\n<script type=\"application\/ld+json\" class=\"yoast-schema-graph\">{\"@context\":\"https:\\\/\\\/schema.org\",\"@graph\":[{\"@type\":\"WebPage\",\"@id\":\"https:\\\/\\\/www.bnlawyers.ch\\\/en\\\/about-us\\\/events\",\"url\":\"https:\\\/\\\/www.bnlawyers.ch\\\/en\\\/about-us\\\/events\",\"name\":\"Events &#187; B\u00fcrgi N\u00e4geli Lawyers\",\"isPartOf\":{\"@id\":\"https:\\\/\\\/www.bnlawyers.ch\\\/en#website\"},\"primaryImageOfPage\":{\"@id\":\"https:\\\/\\\/www.bnlawyers.ch\\\/en\\\/about-us\\\/events#primaryimage\"},\"image\":{\"@id\":\"https:\\\/\\\/www.bnlawyers.ch\\\/en\\\/about-us\\\/events#primaryimage\"},\"thumbnailUrl\":\"https:\\\/\\\/www.bnlawyers.ch\\\/wp-content\\\/uploads\\\/logo-mipim-hp.png\",\"datePublished\":\"2011-11-09T16:04:41+00:00\",\"dateModified\":\"2018-03-01T15:39:41+00:00\",\"breadcrumb\":{\"@id\":\"https:\\\/\\\/www.bnlawyers.ch\\\/en\\\/about-us\\\/events#breadcrumb\"},\"inLanguage\":\"en-US\",\"potentialAction\":[{\"@type\":\"ReadAction\",\"target\":[\"https:\\\/\\\/www.bnlawyers.ch\\\/en\\\/about-us\\\/events\"]}]},{\"@type\":\"ImageObject\",\"inLanguage\":\"en-US\",\"@id\":\"https:\\\/\\\/www.bnlawyers.ch\\\/en\\\/about-us\\\/events#primaryimage\",\"url\":\"https:\\\/\\\/www.bnlawyers.ch\\\/wp-content\\\/uploads\\\/logo-mipim-hp.png\",\"contentUrl\":\"https:\\\/\\\/www.bnlawyers.ch\\\/wp-content\\\/uploads\\\/logo-mipim-hp.png\"},{\"@type\":\"BreadcrumbList\",\"@id\":\"https:\\\/\\\/www.bnlawyers.ch\\\/en\\\/about-us\\\/events#breadcrumb\",\"itemListElement\":[{\"@type\":\"ListItem\",\"position\":1,\"name\":\"Home\",\"item\":\"https:\\\/\\\/www.bnlawyers.ch\\\/en\"},{\"@type\":\"ListItem\",\"position\":2,\"name\":\"About us\",\"item\":\"https:\\\/\\\/www.bnlawyers.ch\\\/en\\\/about-us\"},{\"@type\":\"ListItem\",\"position\":3,\"name\":\"Events\"}]},{\"@type\":\"WebSite\",\"@id\":\"https:\\\/\\\/www.bnlawyers.ch\\\/en#website\",\"url\":\"https:\\\/\\\/www.bnlawyers.ch\\\/en\",\"name\":\"B\u00fcrgi N\u00e4geli Rechtsanw\u00e4lte\",\"description\":\"Law firm Zurich, Lawyers Zurich, Attorneys-at-law Switzerland\",\"publisher\":{\"@id\":\"https:\\\/\\\/www.bnlawyers.ch\\\/en#organization\"},\"potentialAction\":[{\"@type\":\"SearchAction\",\"target\":{\"@type\":\"EntryPoint\",\"urlTemplate\":\"https:\\\/\\\/www.bnlawyers.ch\\\/en?s={search_term_string}\"},\"query-input\":{\"@type\":\"PropertyValueSpecification\",\"valueRequired\":true,\"valueName\":\"search_term_string\"}}],\"inLanguage\":\"en-US\"},{\"@type\":[\"Organization\",\"Place\",\"LegalService\"],\"@id\":\"https:\\\/\\\/www.bnlawyers.ch\\\/en#organization\",\"name\":\"B\u00fcrgi N\u00e4geli Rechtsanw\u00e4lte\",\"url\":\"https:\\\/\\\/www.bnlawyers.ch\\\/en\",\"logo\":{\"@id\":\"https:\\\/\\\/www.bnlawyers.ch\\\/en\\\/about-us\\\/events#local-main-organization-logo\"},\"image\":{\"@id\":\"https:\\\/\\\/www.bnlawyers.ch\\\/en\\\/about-us\\\/events#local-main-organization-logo\"},\"sameAs\":[\"https:\\\/\\\/x.com\\\/bnlawyers\",\"https:\\\/\\\/www.linkedin.com\\\/company\\\/b-rgi-n-geli-rechtsanw-lte\"],\"address\":{\"@id\":\"https:\\\/\\\/www.bnlawyers.ch\\\/en\\\/about-us\\\/events#local-main-place-address\"},\"geo\":{\"@type\":\"GeoCoordinates\",\"latitude\":\"47.3699218\",\"longitude\":\"8.5437153\"},\"telephone\":[\"+41442684050\"],\"openingHoursSpecification\":[{\"@type\":\"OpeningHoursSpecification\",\"dayOfWeek\":[\"Monday\",\"Tuesday\",\"Wednesday\",\"Thursday\",\"Friday\"],\"opens\":\"08:00\",\"closes\":\"17:00\"},{\"@type\":\"OpeningHoursSpecification\",\"dayOfWeek\":[\"Saturday\",\"Sunday\"],\"opens\":\"00:00\",\"closes\":\"00:00\"}],\"email\":\"info@bnlawyers.ch\",\"faxNumber\":\"+41442684055\"},{\"@type\":\"PostalAddress\",\"@id\":\"https:\\\/\\\/www.bnlawyers.ch\\\/en\\\/about-us\\\/events#local-main-place-address\",\"streetAddress\":\"Grossm\u00fcnsterplatz 9\",\"addressLocality\":\"Z\u00fcrich\",\"postalCode\":\"8001\",\"addressRegion\":\"Z\u00fcrich\",\"addressCountry\":\"CH\"},{\"@type\":\"ImageObject\",\"inLanguage\":\"en-US\",\"@id\":\"https:\\\/\\\/www.bnlawyers.ch\\\/en\\\/about-us\\\/events#local-main-organization-logo\",\"url\":\"https:\\\/\\\/www.bnlawyers.ch\\\/wp-content\\\/uploads\\\/2021\\\/06\\\/bnl-logo-square.png\",\"contentUrl\":\"https:\\\/\\\/www.bnlawyers.ch\\\/wp-content\\\/uploads\\\/2021\\\/06\\\/bnl-logo-square.png\",\"width\":640,\"height\":640,\"caption\":\"B\u00fcrgi N\u00e4geli Rechtsanw\u00e4lte\"}]}<\/script>\n<meta name=\"geo.placename\" content=\"Z\u00fcrich\" \/>\n<meta name=\"geo.position\" content=\"47.3699218;8.5437153\" \/>\n<meta name=\"geo.region\" content=\"Switzerland\" \/>\n<!-- \/ Yoast SEO Premium plugin. -->","yoast_head_json":{"title":"Events &#187; B\u00fcrgi N\u00e4geli Lawyers","robots":{"index":"index","follow":"follow","max-snippet":"max-snippet:-1","max-image-preview":"max-image-preview:large","max-video-preview":"max-video-preview:-1"},"canonical":"https:\/\/www.bnlawyers.ch\/en\/about-us\/events","og_locale":"en_US","og_type":"article","og_title":"Events","og_description":"We are available to address groups with material specially written for the occasion. We also frequently participate in our clients\u2019 in-house training courses. Training courses, seminars We conduct training courses for businesses, organizations and the public at large. Clients&#8217; in-house training programs current examples: the new Code of Civil Procedure (ZPO) debt collection for accounting&hellip;&nbsp;Read More &raquo;Events","og_url":"https:\/\/www.bnlawyers.ch\/en\/about-us\/events","og_site_name":"B\u00fcrgi N\u00e4geli Lawyers","article_modified_time":"2018-03-01T15:39:41+00:00","og_image":[{"url":"https:\/\/www.bnlawyers.ch\/wp-content\/uploads\/logo-mipim-hp.png","type":"","width":"","height":""}],"twitter_card":"summary_large_image","twitter_site":"@bnlawyers","twitter_misc":{"Est. reading time":"1 minute"},"schema":{"@context":"https:\/\/schema.org","@graph":[{"@type":"WebPage","@id":"https:\/\/www.bnlawyers.ch\/en\/about-us\/events","url":"https:\/\/www.bnlawyers.ch\/en\/about-us\/events","name":"Events &#187; B\u00fcrgi N\u00e4geli Lawyers","isPartOf":{"@id":"https:\/\/www.bnlawyers.ch\/en#website"},"primaryImageOfPage":{"@id":"https:\/\/www.bnlawyers.ch\/en\/about-us\/events#primaryimage"},"image":{"@id":"https:\/\/www.bnlawyers.ch\/en\/about-us\/events#primaryimage"},"thumbnailUrl":"https:\/\/www.bnlawyers.ch\/wp-content\/uploads\/logo-mipim-hp.png","datePublished":"2011-11-09T16:04:41+00:00","dateModified":"2018-03-01T15:39:41+00:00","breadcrumb":{"@id":"https:\/\/www.bnlawyers.ch\/en\/about-us\/events#breadcrumb"},"inLanguage":"en-US","potentialAction":[{"@type":"ReadAction","target":["https:\/\/www.bnlawyers.ch\/en\/about-us\/events"]}]},{"@type":"ImageObject","inLanguage":"en-US","@id":"https:\/\/www.bnlawyers.ch\/en\/about-us\/events#primaryimage","url":"https:\/\/www.bnlawyers.ch\/wp-content\/uploads\/logo-mipim-hp.png","contentUrl":"https:\/\/www.bnlawyers.ch\/wp-content\/uploads\/logo-mipim-hp.png"},{"@type":"BreadcrumbList","@id":"https:\/\/www.bnlawyers.ch\/en\/about-us\/events#breadcrumb","itemListElement":[{"@type":"ListItem","position":1,"name":"Home","item":"https:\/\/www.bnlawyers.ch\/en"},{"@type":"ListItem","position":2,"name":"About us","item":"https:\/\/www.bnlawyers.ch\/en\/about-us"},{"@type":"ListItem","position":3,"name":"Events"}]},{"@type":"WebSite","@id":"https:\/\/www.bnlawyers.ch\/en#website","url":"https:\/\/www.bnlawyers.ch\/en","name":"B\u00fcrgi N\u00e4geli Rechtsanw\u00e4lte","description":"Law firm Zurich, Lawyers Zurich, Attorneys-at-law Switzerland","publisher":{"@id":"https:\/\/www.bnlawyers.ch\/en#organization"},"potentialAction":[{"@type":"SearchAction","target":{"@type":"EntryPoint","urlTemplate":"https:\/\/www.bnlawyers.ch\/en?s={search_term_string}"},"query-input":{"@type":"PropertyValueSpecification","valueRequired":true,"valueName":"search_term_string"}}],"inLanguage":"en-US"},{"@type":["Organization","Place","LegalService"],"@id":"https:\/\/www.bnlawyers.ch\/en#organization","name":"B\u00fcrgi N\u00e4geli Rechtsanw\u00e4lte","url":"https:\/\/www.bnlawyers.ch\/en","logo":{"@id":"https:\/\/www.bnlawyers.ch\/en\/about-us\/events#local-main-organization-logo"},"image":{"@id":"https:\/\/www.bnlawyers.ch\/en\/about-us\/events#local-main-organization-logo"},"sameAs":["https:\/\/x.com\/bnlawyers","https:\/\/www.linkedin.com\/company\/b-rgi-n-geli-rechtsanw-lte"],"address":{"@id":"https:\/\/www.bnlawyers.ch\/en\/about-us\/events#local-main-place-address"},"geo":{"@type":"GeoCoordinates","latitude":"47.3699218","longitude":"8.5437153"},"telephone":["+41442684050"],"openingHoursSpecification":[{"@type":"OpeningHoursSpecification","dayOfWeek":["Monday","Tuesday","Wednesday","Thursday","Friday"],"opens":"08:00","closes":"17:00"},{"@type":"OpeningHoursSpecification","dayOfWeek":["Saturday","Sunday"],"opens":"00:00","closes":"00:00"}],"email":"info@bnlawyers.ch","faxNumber":"+41442684055"},{"@type":"PostalAddress","@id":"https:\/\/www.bnlawyers.ch\/en\/about-us\/events#local-main-place-address","streetAddress":"Grossm\u00fcnsterplatz 9","addressLocality":"Z\u00fcrich","postalCode":"8001","addressRegion":"Z\u00fcrich","addressCountry":"CH"},{"@type":"ImageObject","inLanguage":"en-US","@id":"https:\/\/www.bnlawyers.ch\/en\/about-us\/events#local-main-organization-logo","url":"https:\/\/www.bnlawyers.ch\/wp-content\/uploads\/2021\/06\/bnl-logo-square.png","contentUrl":"https:\/\/www.bnlawyers.ch\/wp-content\/uploads\/2021\/06\/bnl-logo-square.png","width":640,"height":640,"caption":"B\u00fcrgi N\u00e4geli Rechtsanw\u00e4lte"}]},"geo.placename":"Z\u00fcrich","geo.position":{"lat":"47.3699218","long":"8.5437153"},"geo.region":"Switzerland"},"_links":{"self":[{"href":"https:\/\/www.bnlawyers.ch\/en\/wp-json\/wp\/v2\/pages\/1159","targetHints":{"allow":["GET"]}}],"collection":[{"href":"https:\/\/www.bnlawyers.ch\/en\/wp-json\/wp\/v2\/pages"}],"about":[{"href":"https:\/\/www.bnlawyers.ch\/en\/wp-json\/wp\/v2\/types\/page"}],"author":[{"embeddable":true,"href":"https:\/\/www.bnlawyers.ch\/en\/wp-json\/wp\/v2\/users\/2"}],"replies":[{"embeddable":true,"href":"https:\/\/www.bnlawyers.ch\/en\/wp-json\/wp\/v2\/comments?post=1159"}],"version-history":[{"count":0,"href":"https:\/\/www.bnlawyers.ch\/en\/wp-json\/wp\/v2\/pages\/1159\/revisions"}],"up":[{"embeddable":true,"href":"https:\/\/www.bnlawyers.ch\/en\/wp-json\/wp\/v2\/pages\/1147"}],"wp:attachment":[{"href":"https:\/\/www.bnlawyers.ch\/en\/wp-json\/wp\/v2\/media?parent=1159"}],"wp:term":[{"taxonomy":"rechtsgebiet","embeddable":true,"href":"https:\/\/www.bnlawyers.ch\/en\/wp-json\/wp\/v2\/rechtsgebiet?post=1159"}],"curies":[{"name":"wp","href":"https:\/\/api.w.org\/{rel}","templated":true}]}}