{"id":1156,"date":"2011-11-09T16:47:10","date_gmt":"2011-11-09T15:47:10","guid":{"rendered":"http:\/\/bnlawyers.ch\/?page_id=1156"},"modified":"2015-11-12T10:25:18","modified_gmt":"2015-11-12T09:25:18","slug":"approach-to-consulting","status":"publish","type":"page","link":"https:\/\/www.bnlawyers.ch\/en\/about-us\/approach-to-consulting","title":{"rendered":"Approach to consulting"},"content":{"rendered":"<h3>Interdisciplinary make-up<\/h3>\n<p>We take an interdisciplinary approach not only in the practice of law but its impact on the profitability, fiscal and structural concerns of our clients\u2019 businesses.<\/p>\n<p>We strive for the most pragmatic solutions and \u2013 always \u2013 creating added value for our clients.<\/p>\n<h3>A shared philosophy<\/h3>\n<p>Our partners know that to be successful,<\/p>\n<ul>\n<li>their work must be comprehensive and cover every aspect of a situation or case,<\/li>\n<li>it must be strategically and tactically sound,<\/li>\n<li>be implemented effectively, efficiently, with skill and with diligence,<\/li>\n<li>be of the highest high quality and \u2013 always \u2013 on time<\/li>\n<\/ul>\n<h3>Legal skills<\/h3>\n<p>Our partners are at the top of their professions. Their fields of specialization, together with target-group-oriented and industry-specific know-how, generate added value for our clients.<\/p>\n<h3>Experience<\/h3>\n<p>Because the members of our team are vastly experienced in business, government and the law, our clients can be certain of top-of-the-line legal services.<\/p>\n","protected":false},"excerpt":{"rendered":"<p>Interdisciplinary make-up We take an interdisciplinary approach not only in the practice of law but its impact on the profitability, fiscal and structural concerns of our clients\u2019 businesses. We strive for the most pragmatic solutions and \u2013 always \u2013 creating added value for our clients. A shared philosophy Our partners know that to be successful,&hellip;&nbsp;<a href=\"https:\/\/www.bnlawyers.ch\/en\/about-us\/approach-to-consulting\" rel=\"bookmark\">Read More &raquo;<span class=\"screen-reader-text\">Approach to consulting<\/span><\/a><\/p>\n","protected":false},"author":2,"featured_media":0,"parent":1147,"menu_order":2,"comment_status":"closed","ping_status":"closed","template":"","meta":{"neve_meta_sidebar":"","neve_meta_container":"","neve_meta_enable_content_width":"","neve_meta_content_width":0,"neve_meta_title_alignment":"","neve_meta_author_avatar":"","neve_post_elements_order":"","neve_meta_disable_header":"","neve_meta_disable_footer":"","neve_meta_disable_title":"","neve_meta_reading_time":"","_themeisle_gutenberg_block_has_review":false,"footnotes":""},"rechtsgebiet":[],"class_list":["post-1156","page","type-page","status-publish","hentry"],"yoast_head":"<!-- This site is optimized with the Yoast SEO Premium plugin v26.1 (Yoast SEO v27.3) - https:\/\/yoast.com\/product\/yoast-seo-premium-wordpress\/ -->\n<title>Approach to consulting &#187; B\u00fcrgi N\u00e4geli Lawyers<\/title>\n<meta name=\"robots\" content=\"index, follow, max-snippet:-1, max-image-preview:large, max-video-preview:-1\" \/>\n<link rel=\"canonical\" href=\"https:\/\/www.bnlawyers.ch\/en\/about-us\/approach-to-consulting\" \/>\n<meta property=\"og:locale\" content=\"en_US\" \/>\n<meta property=\"og:type\" content=\"article\" \/>\n<meta property=\"og:title\" content=\"Approach to consulting\" \/>\n<meta property=\"og:description\" content=\"Interdisciplinary make-up We take an interdisciplinary approach not only in the practice of law but its impact on the profitability, fiscal and structural concerns of our clients\u2019 businesses. We strive for the most pragmatic solutions and \u2013 always \u2013 creating added value for our clients. A shared philosophy Our partners know that to be successful,&hellip;&nbsp;Read More &raquo;Approach to consulting\" \/>\n<meta property=\"og:url\" content=\"https:\/\/www.bnlawyers.ch\/en\/about-us\/approach-to-consulting\" \/>\n<meta property=\"og:site_name\" content=\"B\u00fcrgi N\u00e4geli Lawyers\" \/>\n<meta property=\"article:modified_time\" content=\"2015-11-12T09:25:18+00:00\" \/>\n<meta property=\"og:image\" content=\"https:\/\/www.bnlawyers.ch\/wp-content\/uploads\/2011\/08\/logo-bnl-map.jpg\" \/>\n<meta name=\"twitter:card\" content=\"summary_large_image\" \/>\n<meta name=\"twitter:site\" content=\"@bnlawyers\" \/>\n<meta name=\"twitter:label1\" content=\"Est. reading time\" \/>\n\t<meta name=\"twitter:data1\" content=\"1 minute\" \/>\n<script type=\"application\/ld+json\" class=\"yoast-schema-graph\">{\"@context\":\"https:\\\/\\\/schema.org\",\"@graph\":[{\"@type\":\"WebPage\",\"@id\":\"https:\\\/\\\/www.bnlawyers.ch\\\/en\\\/about-us\\\/approach-to-consulting\",\"url\":\"https:\\\/\\\/www.bnlawyers.ch\\\/en\\\/about-us\\\/approach-to-consulting\",\"name\":\"Approach to consulting &#187; B\u00fcrgi N\u00e4geli Lawyers\",\"isPartOf\":{\"@id\":\"https:\\\/\\\/www.bnlawyers.ch\\\/en#website\"},\"datePublished\":\"2011-11-09T15:47:10+00:00\",\"dateModified\":\"2015-11-12T09:25:18+00:00\",\"breadcrumb\":{\"@id\":\"https:\\\/\\\/www.bnlawyers.ch\\\/en\\\/about-us\\\/approach-to-consulting#breadcrumb\"},\"inLanguage\":\"en-US\",\"potentialAction\":[{\"@type\":\"ReadAction\",\"target\":[\"https:\\\/\\\/www.bnlawyers.ch\\\/en\\\/about-us\\\/approach-to-consulting\"]}]},{\"@type\":\"BreadcrumbList\",\"@id\":\"https:\\\/\\\/www.bnlawyers.ch\\\/en\\\/about-us\\\/approach-to-consulting#breadcrumb\",\"itemListElement\":[{\"@type\":\"ListItem\",\"position\":1,\"name\":\"Home\",\"item\":\"https:\\\/\\\/www.bnlawyers.ch\\\/en\"},{\"@type\":\"ListItem\",\"position\":2,\"name\":\"About us\",\"item\":\"https:\\\/\\\/www.bnlawyers.ch\\\/en\\\/about-us\"},{\"@type\":\"ListItem\",\"position\":3,\"name\":\"Approach to consulting\"}]},{\"@type\":\"WebSite\",\"@id\":\"https:\\\/\\\/www.bnlawyers.ch\\\/en#website\",\"url\":\"https:\\\/\\\/www.bnlawyers.ch\\\/en\",\"name\":\"B\u00fcrgi N\u00e4geli Rechtsanw\u00e4lte\",\"description\":\"Law firm Zurich, Lawyers Zurich, Attorneys-at-law Switzerland\",\"publisher\":{\"@id\":\"https:\\\/\\\/www.bnlawyers.ch\\\/en#organization\"},\"potentialAction\":[{\"@type\":\"SearchAction\",\"target\":{\"@type\":\"EntryPoint\",\"urlTemplate\":\"https:\\\/\\\/www.bnlawyers.ch\\\/en?s={search_term_string}\"},\"query-input\":{\"@type\":\"PropertyValueSpecification\",\"valueRequired\":true,\"valueName\":\"search_term_string\"}}],\"inLanguage\":\"en-US\"},{\"@type\":[\"Organization\",\"Place\",\"LegalService\"],\"@id\":\"https:\\\/\\\/www.bnlawyers.ch\\\/en#organization\",\"name\":\"B\u00fcrgi N\u00e4geli Rechtsanw\u00e4lte\",\"url\":\"https:\\\/\\\/www.bnlawyers.ch\\\/en\",\"logo\":{\"@id\":\"https:\\\/\\\/www.bnlawyers.ch\\\/en\\\/about-us\\\/approach-to-consulting#local-main-organization-logo\"},\"image\":{\"@id\":\"https:\\\/\\\/www.bnlawyers.ch\\\/en\\\/about-us\\\/approach-to-consulting#local-main-organization-logo\"},\"sameAs\":[\"https:\\\/\\\/x.com\\\/bnlawyers\",\"https:\\\/\\\/www.linkedin.com\\\/company\\\/b-rgi-n-geli-rechtsanw-lte\"],\"address\":{\"@id\":\"https:\\\/\\\/www.bnlawyers.ch\\\/en\\\/about-us\\\/approach-to-consulting#local-main-place-address\"},\"geo\":{\"@type\":\"GeoCoordinates\",\"latitude\":\"47.3699218\",\"longitude\":\"8.5437153\"},\"telephone\":[\"+41442684050\"],\"openingHoursSpecification\":[{\"@type\":\"OpeningHoursSpecification\",\"dayOfWeek\":[\"Monday\",\"Tuesday\",\"Wednesday\",\"Thursday\",\"Friday\"],\"opens\":\"08:00\",\"closes\":\"17:00\"},{\"@type\":\"OpeningHoursSpecification\",\"dayOfWeek\":[\"Saturday\",\"Sunday\"],\"opens\":\"00:00\",\"closes\":\"00:00\"}],\"email\":\"info@bnlawyers.ch\",\"faxNumber\":\"+41442684055\"},{\"@type\":\"PostalAddress\",\"@id\":\"https:\\\/\\\/www.bnlawyers.ch\\\/en\\\/about-us\\\/approach-to-consulting#local-main-place-address\",\"streetAddress\":\"Grossm\u00fcnsterplatz 9\",\"addressLocality\":\"Z\u00fcrich\",\"postalCode\":\"8001\",\"addressRegion\":\"Z\u00fcrich\",\"addressCountry\":\"CH\"},{\"@type\":\"ImageObject\",\"inLanguage\":\"en-US\",\"@id\":\"https:\\\/\\\/www.bnlawyers.ch\\\/en\\\/about-us\\\/approach-to-consulting#local-main-organization-logo\",\"url\":\"https:\\\/\\\/www.bnlawyers.ch\\\/wp-content\\\/uploads\\\/2021\\\/06\\\/bnl-logo-square.png\",\"contentUrl\":\"https:\\\/\\\/www.bnlawyers.ch\\\/wp-content\\\/uploads\\\/2021\\\/06\\\/bnl-logo-square.png\",\"width\":640,\"height\":640,\"caption\":\"B\u00fcrgi N\u00e4geli Rechtsanw\u00e4lte\"}]}<\/script>\n<meta name=\"geo.placename\" content=\"Z\u00fcrich\" \/>\n<meta name=\"geo.position\" content=\"47.3699218;8.5437153\" \/>\n<meta name=\"geo.region\" content=\"Switzerland\" \/>\n<!-- \/ Yoast SEO Premium plugin. -->","yoast_head_json":{"title":"Approach to consulting &#187; B\u00fcrgi N\u00e4geli Lawyers","robots":{"index":"index","follow":"follow","max-snippet":"max-snippet:-1","max-image-preview":"max-image-preview:large","max-video-preview":"max-video-preview:-1"},"canonical":"https:\/\/www.bnlawyers.ch\/en\/about-us\/approach-to-consulting","og_locale":"en_US","og_type":"article","og_title":"Approach to consulting","og_description":"Interdisciplinary make-up We take an interdisciplinary approach not only in the practice of law but its impact on the profitability, fiscal and structural concerns of our clients\u2019 businesses. We strive for the most pragmatic solutions and \u2013 always \u2013 creating added value for our clients. A shared philosophy Our partners know that to be successful,&hellip;&nbsp;Read More &raquo;Approach to consulting","og_url":"https:\/\/www.bnlawyers.ch\/en\/about-us\/approach-to-consulting","og_site_name":"B\u00fcrgi N\u00e4geli Lawyers","article_modified_time":"2015-11-12T09:25:18+00:00","og_image":[{"url":"https:\/\/www.bnlawyers.ch\/wp-content\/uploads\/2011\/08\/logo-bnl-map.jpg","type":"","width":"","height":""}],"twitter_card":"summary_large_image","twitter_site":"@bnlawyers","twitter_misc":{"Est. reading time":"1 minute"},"schema":{"@context":"https:\/\/schema.org","@graph":[{"@type":"WebPage","@id":"https:\/\/www.bnlawyers.ch\/en\/about-us\/approach-to-consulting","url":"https:\/\/www.bnlawyers.ch\/en\/about-us\/approach-to-consulting","name":"Approach to consulting &#187; B\u00fcrgi N\u00e4geli Lawyers","isPartOf":{"@id":"https:\/\/www.bnlawyers.ch\/en#website"},"datePublished":"2011-11-09T15:47:10+00:00","dateModified":"2015-11-12T09:25:18+00:00","breadcrumb":{"@id":"https:\/\/www.bnlawyers.ch\/en\/about-us\/approach-to-consulting#breadcrumb"},"inLanguage":"en-US","potentialAction":[{"@type":"ReadAction","target":["https:\/\/www.bnlawyers.ch\/en\/about-us\/approach-to-consulting"]}]},{"@type":"BreadcrumbList","@id":"https:\/\/www.bnlawyers.ch\/en\/about-us\/approach-to-consulting#breadcrumb","itemListElement":[{"@type":"ListItem","position":1,"name":"Home","item":"https:\/\/www.bnlawyers.ch\/en"},{"@type":"ListItem","position":2,"name":"About us","item":"https:\/\/www.bnlawyers.ch\/en\/about-us"},{"@type":"ListItem","position":3,"name":"Approach to consulting"}]},{"@type":"WebSite","@id":"https:\/\/www.bnlawyers.ch\/en#website","url":"https:\/\/www.bnlawyers.ch\/en","name":"B\u00fcrgi N\u00e4geli Rechtsanw\u00e4lte","description":"Law firm Zurich, Lawyers Zurich, Attorneys-at-law Switzerland","publisher":{"@id":"https:\/\/www.bnlawyers.ch\/en#organization"},"potentialAction":[{"@type":"SearchAction","target":{"@type":"EntryPoint","urlTemplate":"https:\/\/www.bnlawyers.ch\/en?s={search_term_string}"},"query-input":{"@type":"PropertyValueSpecification","valueRequired":true,"valueName":"search_term_string"}}],"inLanguage":"en-US"},{"@type":["Organization","Place","LegalService"],"@id":"https:\/\/www.bnlawyers.ch\/en#organization","name":"B\u00fcrgi N\u00e4geli Rechtsanw\u00e4lte","url":"https:\/\/www.bnlawyers.ch\/en","logo":{"@id":"https:\/\/www.bnlawyers.ch\/en\/about-us\/approach-to-consulting#local-main-organization-logo"},"image":{"@id":"https:\/\/www.bnlawyers.ch\/en\/about-us\/approach-to-consulting#local-main-organization-logo"},"sameAs":["https:\/\/x.com\/bnlawyers","https:\/\/www.linkedin.com\/company\/b-rgi-n-geli-rechtsanw-lte"],"address":{"@id":"https:\/\/www.bnlawyers.ch\/en\/about-us\/approach-to-consulting#local-main-place-address"},"geo":{"@type":"GeoCoordinates","latitude":"47.3699218","longitude":"8.5437153"},"telephone":["+41442684050"],"openingHoursSpecification":[{"@type":"OpeningHoursSpecification","dayOfWeek":["Monday","Tuesday","Wednesday","Thursday","Friday"],"opens":"08:00","closes":"17:00"},{"@type":"OpeningHoursSpecification","dayOfWeek":["Saturday","Sunday"],"opens":"00:00","closes":"00:00"}],"email":"info@bnlawyers.ch","faxNumber":"+41442684055"},{"@type":"PostalAddress","@id":"https:\/\/www.bnlawyers.ch\/en\/about-us\/approach-to-consulting#local-main-place-address","streetAddress":"Grossm\u00fcnsterplatz 9","addressLocality":"Z\u00fcrich","postalCode":"8001","addressRegion":"Z\u00fcrich","addressCountry":"CH"},{"@type":"ImageObject","inLanguage":"en-US","@id":"https:\/\/www.bnlawyers.ch\/en\/about-us\/approach-to-consulting#local-main-organization-logo","url":"https:\/\/www.bnlawyers.ch\/wp-content\/uploads\/2021\/06\/bnl-logo-square.png","contentUrl":"https:\/\/www.bnlawyers.ch\/wp-content\/uploads\/2021\/06\/bnl-logo-square.png","width":640,"height":640,"caption":"B\u00fcrgi N\u00e4geli Rechtsanw\u00e4lte"}]},"geo.placename":"Z\u00fcrich","geo.position":{"lat":"47.3699218","long":"8.5437153"},"geo.region":"Switzerland"},"_links":{"self":[{"href":"https:\/\/www.bnlawyers.ch\/en\/wp-json\/wp\/v2\/pages\/1156","targetHints":{"allow":["GET"]}}],"collection":[{"href":"https:\/\/www.bnlawyers.ch\/en\/wp-json\/wp\/v2\/pages"}],"about":[{"href":"https:\/\/www.bnlawyers.ch\/en\/wp-json\/wp\/v2\/types\/page"}],"author":[{"embeddable":true,"href":"https:\/\/www.bnlawyers.ch\/en\/wp-json\/wp\/v2\/users\/2"}],"replies":[{"embeddable":true,"href":"https:\/\/www.bnlawyers.ch\/en\/wp-json\/wp\/v2\/comments?post=1156"}],"version-history":[{"count":0,"href":"https:\/\/www.bnlawyers.ch\/en\/wp-json\/wp\/v2\/pages\/1156\/revisions"}],"up":[{"embeddable":true,"href":"https:\/\/www.bnlawyers.ch\/en\/wp-json\/wp\/v2\/pages\/1147"}],"wp:attachment":[{"href":"https:\/\/www.bnlawyers.ch\/en\/wp-json\/wp\/v2\/media?parent=1156"}],"wp:term":[{"taxonomy":"rechtsgebiet","embeddable":true,"href":"https:\/\/www.bnlawyers.ch\/en\/wp-json\/wp\/v2\/rechtsgebiet?post=1156"}],"curies":[{"name":"wp","href":"https:\/\/api.w.org\/{rel}","templated":true}]}}