{"id":1147,"date":"2011-11-09T15:46:17","date_gmt":"2011-11-09T14:46:17","guid":{"rendered":"http:\/\/bnlawyers.ch\/?page_id=1147"},"modified":"2022-02-01T11:15:00","modified_gmt":"2022-02-01T10:15:00","slug":"about-us","status":"publish","type":"page","link":"https:\/\/www.bnlawyers.ch\/en\/about-us","title":{"rendered":"About us"},"content":{"rendered":"<h3>Our law firm<\/h3>\n<p>The law firm of B\u00fcrgi N\u00e4geli Lawyers was established January 1<sup>st<\/sup>, 1995 by Dr. Caterina N\u00e4geli and Urs B\u00fcrgi<\/p>\n<h3>Partners<\/h3>\n<ul>\n<li>Dr. Caterina N\u00e4geli, attorney at law<\/li>\n<li>Urs B\u00fcrgi, attorney at law and Degree as Notary Public, Land Registrar and Receiver of Canton Zurich<\/li>\n<li>MLaw Gudrun B\u00fcrgi-Schneider<\/li>\n<li>Jens Marguerat-Meyer, attorney at law<\/li>\n<\/ul>\n<p>The partners work in their own names and on their own accounts.<\/p>\n<h3>Our ethics<\/h3>\n<ul>\n<li>integrity, loyalty to clients<\/li>\n<li>discretion, professionalism<\/li>\n<li>honesty, transparency<\/li>\n<li>full commitment<\/li>\n<li>responsibility<\/li>\n<li>knowing our limitations, independence<\/li>\n<li><a href=\"https:\/\/www.bnlawyers.ch\/en\/publications\">transfer of knowledge for dispute prevention<\/a>\u00a0(on the internet)<\/li>\n<\/ul>\n","protected":false},"excerpt":{"rendered":"<p>Our law firm The law firm of B\u00fcrgi N\u00e4geli Lawyers was established January 1st, 1995 by Dr. Caterina N\u00e4geli and Urs B\u00fcrgi Partners Dr. Caterina N\u00e4geli, attorney at law Urs B\u00fcrgi, attorney at law and Degree as Notary Public, Land Registrar and Receiver of Canton Zurich MLaw Gudrun B\u00fcrgi-Schneider Jens Marguerat-Meyer, attorney at law The&hellip;&nbsp;<a href=\"https:\/\/www.bnlawyers.ch\/en\/about-us\" rel=\"bookmark\">Read More &raquo;<span class=\"screen-reader-text\">About us<\/span><\/a><\/p>\n","protected":false},"author":2,"featured_media":0,"parent":0,"menu_order":6,"comment_status":"closed","ping_status":"closed","template":"","meta":{"neve_meta_sidebar":"","neve_meta_container":"","neve_meta_enable_content_width":"","neve_meta_content_width":0,"neve_meta_title_alignment":"","neve_meta_author_avatar":"","neve_post_elements_order":"","neve_meta_disable_header":"","neve_meta_disable_footer":"","neve_meta_disable_title":"","neve_meta_reading_time":"","_themeisle_gutenberg_block_has_review":false,"footnotes":""},"rechtsgebiet":[],"class_list":["post-1147","page","type-page","status-publish","hentry"],"yoast_head":"<!-- This site is optimized with the Yoast SEO Premium plugin v26.1 (Yoast SEO v27.3) - https:\/\/yoast.com\/product\/yoast-seo-premium-wordpress\/ -->\n<title>About B\u00fcrgi N\u00e4geli Lawyers; Lawfirm Zurich<\/title>\n<meta name=\"robots\" content=\"index, follow, max-snippet:-1, max-image-preview:large, max-video-preview:-1\" \/>\n<link rel=\"canonical\" href=\"https:\/\/www.bnlawyers.ch\/en\/about-us\" \/>\n<meta property=\"og:locale\" content=\"en_US\" \/>\n<meta property=\"og:type\" content=\"article\" \/>\n<meta property=\"og:title\" content=\"About us\" \/>\n<meta property=\"og:description\" content=\"Our law firm The law firm of B\u00fcrgi N\u00e4geli Lawyers was established January 1st, 1995 by Dr. Caterina N\u00e4geli and Urs B\u00fcrgi Partners Dr. Caterina N\u00e4geli, attorney at law Urs B\u00fcrgi, attorney at law and Degree as Notary Public, Land Registrar and Receiver of Canton Zurich MLaw Gudrun B\u00fcrgi-Schneider Jens Marguerat-Meyer, attorney at law The&hellip;&nbsp;Read More &raquo;About us\" \/>\n<meta property=\"og:url\" content=\"https:\/\/www.bnlawyers.ch\/en\/about-us\" \/>\n<meta property=\"og:site_name\" content=\"B\u00fcrgi N\u00e4geli Lawyers\" \/>\n<meta property=\"article:modified_time\" content=\"2022-02-01T10:15:00+00:00\" \/>\n<meta property=\"og:image\" content=\"https:\/\/www.bnlawyers.ch\/wp-content\/uploads\/2011\/08\/logo-bnl-map.jpg\" \/>\n<meta name=\"twitter:card\" content=\"summary_large_image\" \/>\n<meta name=\"twitter:site\" content=\"@bnlawyers\" \/>\n<meta name=\"twitter:label1\" content=\"Est. reading time\" \/>\n\t<meta name=\"twitter:data1\" content=\"1 minute\" \/>\n<script type=\"application\/ld+json\" class=\"yoast-schema-graph\">{\"@context\":\"https:\\\/\\\/schema.org\",\"@graph\":[{\"@type\":\"WebPage\",\"@id\":\"https:\\\/\\\/www.bnlawyers.ch\\\/en\\\/about-us\",\"url\":\"https:\\\/\\\/www.bnlawyers.ch\\\/en\\\/about-us\",\"name\":\"About B\u00fcrgi N\u00e4geli Lawyers; Lawfirm Zurich\",\"isPartOf\":{\"@id\":\"https:\\\/\\\/www.bnlawyers.ch\\\/en#website\"},\"datePublished\":\"2011-11-09T14:46:17+00:00\",\"dateModified\":\"2022-02-01T10:15:00+00:00\",\"breadcrumb\":{\"@id\":\"https:\\\/\\\/www.bnlawyers.ch\\\/en\\\/about-us#breadcrumb\"},\"inLanguage\":\"en-US\",\"potentialAction\":[{\"@type\":\"ReadAction\",\"target\":[\"https:\\\/\\\/www.bnlawyers.ch\\\/en\\\/about-us\"]}]},{\"@type\":\"BreadcrumbList\",\"@id\":\"https:\\\/\\\/www.bnlawyers.ch\\\/en\\\/about-us#breadcrumb\",\"itemListElement\":[{\"@type\":\"ListItem\",\"position\":1,\"name\":\"Home\",\"item\":\"https:\\\/\\\/www.bnlawyers.ch\\\/en\"},{\"@type\":\"ListItem\",\"position\":2,\"name\":\"About us\"}]},{\"@type\":\"WebSite\",\"@id\":\"https:\\\/\\\/www.bnlawyers.ch\\\/en#website\",\"url\":\"https:\\\/\\\/www.bnlawyers.ch\\\/en\",\"name\":\"B\u00fcrgi N\u00e4geli Rechtsanw\u00e4lte\",\"description\":\"Law firm Zurich, Lawyers Zurich, Attorneys-at-law Switzerland\",\"publisher\":{\"@id\":\"https:\\\/\\\/www.bnlawyers.ch\\\/en#organization\"},\"potentialAction\":[{\"@type\":\"SearchAction\",\"target\":{\"@type\":\"EntryPoint\",\"urlTemplate\":\"https:\\\/\\\/www.bnlawyers.ch\\\/en?s={search_term_string}\"},\"query-input\":{\"@type\":\"PropertyValueSpecification\",\"valueRequired\":true,\"valueName\":\"search_term_string\"}}],\"inLanguage\":\"en-US\"},{\"@type\":[\"Organization\",\"Place\",\"LegalService\"],\"@id\":\"https:\\\/\\\/www.bnlawyers.ch\\\/en#organization\",\"name\":\"B\u00fcrgi N\u00e4geli Rechtsanw\u00e4lte\",\"url\":\"https:\\\/\\\/www.bnlawyers.ch\\\/en\",\"logo\":{\"@id\":\"https:\\\/\\\/www.bnlawyers.ch\\\/en\\\/about-us#local-main-organization-logo\"},\"image\":{\"@id\":\"https:\\\/\\\/www.bnlawyers.ch\\\/en\\\/about-us#local-main-organization-logo\"},\"sameAs\":[\"https:\\\/\\\/x.com\\\/bnlawyers\",\"https:\\\/\\\/www.linkedin.com\\\/company\\\/b-rgi-n-geli-rechtsanw-lte\"],\"address\":{\"@id\":\"https:\\\/\\\/www.bnlawyers.ch\\\/en\\\/about-us#local-main-place-address\"},\"geo\":{\"@type\":\"GeoCoordinates\",\"latitude\":\"47.3699218\",\"longitude\":\"8.5437153\"},\"telephone\":[\"+41442684050\"],\"openingHoursSpecification\":[{\"@type\":\"OpeningHoursSpecification\",\"dayOfWeek\":[\"Monday\",\"Tuesday\",\"Wednesday\",\"Thursday\",\"Friday\"],\"opens\":\"08:00\",\"closes\":\"17:00\"},{\"@type\":\"OpeningHoursSpecification\",\"dayOfWeek\":[\"Saturday\",\"Sunday\"],\"opens\":\"00:00\",\"closes\":\"00:00\"}],\"email\":\"info@bnlawyers.ch\",\"faxNumber\":\"+41442684055\"},{\"@type\":\"PostalAddress\",\"@id\":\"https:\\\/\\\/www.bnlawyers.ch\\\/en\\\/about-us#local-main-place-address\",\"streetAddress\":\"Grossm\u00fcnsterplatz 9\",\"addressLocality\":\"Z\u00fcrich\",\"postalCode\":\"8001\",\"addressRegion\":\"Z\u00fcrich\",\"addressCountry\":\"CH\"},{\"@type\":\"ImageObject\",\"inLanguage\":\"en-US\",\"@id\":\"https:\\\/\\\/www.bnlawyers.ch\\\/en\\\/about-us#local-main-organization-logo\",\"url\":\"https:\\\/\\\/www.bnlawyers.ch\\\/wp-content\\\/uploads\\\/2021\\\/06\\\/bnl-logo-square.png\",\"contentUrl\":\"https:\\\/\\\/www.bnlawyers.ch\\\/wp-content\\\/uploads\\\/2021\\\/06\\\/bnl-logo-square.png\",\"width\":640,\"height\":640,\"caption\":\"B\u00fcrgi N\u00e4geli Rechtsanw\u00e4lte\"}]}<\/script>\n<meta name=\"geo.placename\" content=\"Z\u00fcrich\" \/>\n<meta name=\"geo.position\" content=\"47.3699218;8.5437153\" \/>\n<meta name=\"geo.region\" content=\"Switzerland\" \/>\n<!-- \/ Yoast SEO Premium plugin. -->","yoast_head_json":{"title":"About B\u00fcrgi N\u00e4geli Lawyers; Lawfirm Zurich","robots":{"index":"index","follow":"follow","max-snippet":"max-snippet:-1","max-image-preview":"max-image-preview:large","max-video-preview":"max-video-preview:-1"},"canonical":"https:\/\/www.bnlawyers.ch\/en\/about-us","og_locale":"en_US","og_type":"article","og_title":"About us","og_description":"Our law firm The law firm of B\u00fcrgi N\u00e4geli Lawyers was established January 1st, 1995 by Dr. Caterina N\u00e4geli and Urs B\u00fcrgi Partners Dr. Caterina N\u00e4geli, attorney at law Urs B\u00fcrgi, attorney at law and Degree as Notary Public, Land Registrar and Receiver of Canton Zurich MLaw Gudrun B\u00fcrgi-Schneider Jens Marguerat-Meyer, attorney at law The&hellip;&nbsp;Read More &raquo;About us","og_url":"https:\/\/www.bnlawyers.ch\/en\/about-us","og_site_name":"B\u00fcrgi N\u00e4geli Lawyers","article_modified_time":"2022-02-01T10:15:00+00:00","og_image":[{"url":"https:\/\/www.bnlawyers.ch\/wp-content\/uploads\/2011\/08\/logo-bnl-map.jpg","type":"","width":"","height":""}],"twitter_card":"summary_large_image","twitter_site":"@bnlawyers","twitter_misc":{"Est. reading time":"1 minute"},"schema":{"@context":"https:\/\/schema.org","@graph":[{"@type":"WebPage","@id":"https:\/\/www.bnlawyers.ch\/en\/about-us","url":"https:\/\/www.bnlawyers.ch\/en\/about-us","name":"About B\u00fcrgi N\u00e4geli Lawyers; Lawfirm Zurich","isPartOf":{"@id":"https:\/\/www.bnlawyers.ch\/en#website"},"datePublished":"2011-11-09T14:46:17+00:00","dateModified":"2022-02-01T10:15:00+00:00","breadcrumb":{"@id":"https:\/\/www.bnlawyers.ch\/en\/about-us#breadcrumb"},"inLanguage":"en-US","potentialAction":[{"@type":"ReadAction","target":["https:\/\/www.bnlawyers.ch\/en\/about-us"]}]},{"@type":"BreadcrumbList","@id":"https:\/\/www.bnlawyers.ch\/en\/about-us#breadcrumb","itemListElement":[{"@type":"ListItem","position":1,"name":"Home","item":"https:\/\/www.bnlawyers.ch\/en"},{"@type":"ListItem","position":2,"name":"About us"}]},{"@type":"WebSite","@id":"https:\/\/www.bnlawyers.ch\/en#website","url":"https:\/\/www.bnlawyers.ch\/en","name":"B\u00fcrgi N\u00e4geli Rechtsanw\u00e4lte","description":"Law firm Zurich, Lawyers Zurich, Attorneys-at-law Switzerland","publisher":{"@id":"https:\/\/www.bnlawyers.ch\/en#organization"},"potentialAction":[{"@type":"SearchAction","target":{"@type":"EntryPoint","urlTemplate":"https:\/\/www.bnlawyers.ch\/en?s={search_term_string}"},"query-input":{"@type":"PropertyValueSpecification","valueRequired":true,"valueName":"search_term_string"}}],"inLanguage":"en-US"},{"@type":["Organization","Place","LegalService"],"@id":"https:\/\/www.bnlawyers.ch\/en#organization","name":"B\u00fcrgi N\u00e4geli Rechtsanw\u00e4lte","url":"https:\/\/www.bnlawyers.ch\/en","logo":{"@id":"https:\/\/www.bnlawyers.ch\/en\/about-us#local-main-organization-logo"},"image":{"@id":"https:\/\/www.bnlawyers.ch\/en\/about-us#local-main-organization-logo"},"sameAs":["https:\/\/x.com\/bnlawyers","https:\/\/www.linkedin.com\/company\/b-rgi-n-geli-rechtsanw-lte"],"address":{"@id":"https:\/\/www.bnlawyers.ch\/en\/about-us#local-main-place-address"},"geo":{"@type":"GeoCoordinates","latitude":"47.3699218","longitude":"8.5437153"},"telephone":["+41442684050"],"openingHoursSpecification":[{"@type":"OpeningHoursSpecification","dayOfWeek":["Monday","Tuesday","Wednesday","Thursday","Friday"],"opens":"08:00","closes":"17:00"},{"@type":"OpeningHoursSpecification","dayOfWeek":["Saturday","Sunday"],"opens":"00:00","closes":"00:00"}],"email":"info@bnlawyers.ch","faxNumber":"+41442684055"},{"@type":"PostalAddress","@id":"https:\/\/www.bnlawyers.ch\/en\/about-us#local-main-place-address","streetAddress":"Grossm\u00fcnsterplatz 9","addressLocality":"Z\u00fcrich","postalCode":"8001","addressRegion":"Z\u00fcrich","addressCountry":"CH"},{"@type":"ImageObject","inLanguage":"en-US","@id":"https:\/\/www.bnlawyers.ch\/en\/about-us#local-main-organization-logo","url":"https:\/\/www.bnlawyers.ch\/wp-content\/uploads\/2021\/06\/bnl-logo-square.png","contentUrl":"https:\/\/www.bnlawyers.ch\/wp-content\/uploads\/2021\/06\/bnl-logo-square.png","width":640,"height":640,"caption":"B\u00fcrgi N\u00e4geli Rechtsanw\u00e4lte"}]},"geo.placename":"Z\u00fcrich","geo.position":{"lat":"47.3699218","long":"8.5437153"},"geo.region":"Switzerland"},"_links":{"self":[{"href":"https:\/\/www.bnlawyers.ch\/en\/wp-json\/wp\/v2\/pages\/1147","targetHints":{"allow":["GET"]}}],"collection":[{"href":"https:\/\/www.bnlawyers.ch\/en\/wp-json\/wp\/v2\/pages"}],"about":[{"href":"https:\/\/www.bnlawyers.ch\/en\/wp-json\/wp\/v2\/types\/page"}],"author":[{"embeddable":true,"href":"https:\/\/www.bnlawyers.ch\/en\/wp-json\/wp\/v2\/users\/2"}],"replies":[{"embeddable":true,"href":"https:\/\/www.bnlawyers.ch\/en\/wp-json\/wp\/v2\/comments?post=1147"}],"version-history":[{"count":0,"href":"https:\/\/www.bnlawyers.ch\/en\/wp-json\/wp\/v2\/pages\/1147\/revisions"}],"wp:attachment":[{"href":"https:\/\/www.bnlawyers.ch\/en\/wp-json\/wp\/v2\/media?parent=1147"}],"wp:term":[{"taxonomy":"rechtsgebiet","embeddable":true,"href":"https:\/\/www.bnlawyers.ch\/en\/wp-json\/wp\/v2\/rechtsgebiet?post=1147"}],"curies":[{"name":"wp","href":"https:\/\/api.w.org\/{rel}","templated":true}]}}