{"id":1076,"date":"2011-11-08T17:05:58","date_gmt":"2011-11-08T16:05:58","guid":{"rendered":"http:\/\/bnlawyers.ch\/?page_id=1076"},"modified":"2015-11-12T10:25:17","modified_gmt":"2015-11-12T09:25:17","slug":"inheritance-law","status":"publish","type":"page","link":"https:\/\/www.bnlawyers.ch\/en\/areas-of-law\/inheritance-law","title":{"rendered":"Inheritance law"},"content":{"rendered":"<p><strong>We advise testators on <\/strong><strong>asset and bequest planning<\/strong>, as well as on <strong>corporate succession<\/strong>,<\/p>\n<ul>\n<li>by means of either lifetime allocations such as:\n<ul>\n<li><strong>gifts<\/strong><\/li>\n<li><strong>inheritance advances<br \/>\n<\/strong><\/li>\n<li><strong>foundations<\/strong><\/li>\n<li><strong>trusts<\/strong><\/li>\n<li>etc.<\/li>\n<\/ul>\n<\/li>\n<li>sei es mittels letztwilliger Verf\u00fcgungen:\n<ul>\n<li><strong>wills<\/strong><\/li>\n<li><strong>inheritance contracts<br \/>\n<\/strong><\/li>\n<li><strong>foundations<\/strong><\/li>\n<\/ul>\n<\/li>\n<\/ul>\n<p>We execute wills, handle matters of parental authority and support of handicapped successors.<\/p>\n<p>We specialize in real estate bequests combining inheritance advances and bequests against payment, free of property tax.<\/p>\n<p>On behalf of clients who have become inheritors, we issue appeals for heirs along with the necessary precautionary measures:<\/p>\n<ul>\n<li><strong>sealing of estates<\/strong><\/li>\n<li><strong>inventory<\/strong><\/li>\n<li><strong>application for public inventory or official liquidation\/disclaimer<\/strong><\/li>\n<\/ul>\n<p>We help passed-over heirs lodge appeals such as:<\/p>\n<ul>\n<li><strong>inheritance recovery action<br \/>\n<\/strong><\/li>\n<li><strong>invalidity action<br \/>\n<\/strong><\/li>\n<li><strong>abatement action<br \/>\n<\/strong><\/li>\n<li><strong>equalization action<\/strong><\/li>\n<li><strong>estate partition action<br \/>\n<\/strong><\/li>\n<\/ul>\n<p>In the partition of estates we take care of:<\/p>\n<ul>\n<li><strong>inheritance mediation<br \/>\n<\/strong><\/li>\n<li><strong>execution of wills<\/strong><\/li>\n<li><strong>estate partition negotiations<br \/>\n<\/strong><\/p>\n<ul>\n<li>objective partial partitions<\/li>\n<li>subjective partial partitions<\/li>\n<li>combined objective\/subjective partial partitions<\/li>\n<\/ul>\n<\/li>\n<li>and as the final resort we lodge <strong>legal claims regarding partitions under inheritance law<\/strong><\/li>\n<\/ul>\n<p>We routinely safeguard the interests of legatees, beneficiaries and other interested parties.<\/p>\n","protected":false},"excerpt":{"rendered":"<p>We advise testators on asset and bequest planning, as well as on corporate succession, by means of either lifetime allocations such as: gifts inheritance advances foundations trusts etc. sei es mittels letztwilliger Verf\u00fcgungen: wills inheritance contracts foundations We execute wills, handle matters of parental authority and support of handicapped successors. We specialize in real estate&hellip;&nbsp;<a href=\"https:\/\/www.bnlawyers.ch\/en\/areas-of-law\/inheritance-law\" rel=\"bookmark\">Read More &raquo;<span class=\"screen-reader-text\">Inheritance law<\/span><\/a><\/p>\n","protected":false},"author":2,"featured_media":0,"parent":1066,"menu_order":7,"comment_status":"closed","ping_status":"closed","template":"","meta":{"neve_meta_sidebar":"","neve_meta_container":"","neve_meta_enable_content_width":"","neve_meta_content_width":0,"neve_meta_title_alignment":"","neve_meta_author_avatar":"","neve_post_elements_order":"","neve_meta_disable_header":"","neve_meta_disable_footer":"","neve_meta_disable_title":"","neve_meta_reading_time":"","_themeisle_gutenberg_block_has_review":false,"footnotes":""},"rechtsgebiet":[],"class_list":["post-1076","page","type-page","status-publish","hentry"],"yoast_head":"<!-- This site is optimized with the Yoast SEO Premium plugin v26.1 (Yoast SEO v27.3) - https:\/\/yoast.com\/product\/yoast-seo-premium-wordpress\/ -->\n<title>Inheritance law &#187; B\u00fcrgi N\u00e4geli Lawyers<\/title>\n<meta name=\"robots\" content=\"index, follow, max-snippet:-1, max-image-preview:large, max-video-preview:-1\" \/>\n<link rel=\"canonical\" href=\"https:\/\/www.bnlawyers.ch\/en\/areas-of-law\/inheritance-law\" \/>\n<meta property=\"og:locale\" content=\"en_US\" \/>\n<meta property=\"og:type\" content=\"article\" \/>\n<meta property=\"og:title\" content=\"Inheritance law\" \/>\n<meta property=\"og:description\" content=\"We advise testators on asset and bequest planning, as well as on corporate succession, by means of either lifetime allocations such as: gifts inheritance advances foundations trusts etc. sei es mittels letztwilliger Verf\u00fcgungen: wills inheritance contracts foundations We execute wills, handle matters of parental authority and support of handicapped successors. We specialize in real estate&hellip;&nbsp;Read More &raquo;Inheritance law\" \/>\n<meta property=\"og:url\" content=\"https:\/\/www.bnlawyers.ch\/en\/areas-of-law\/inheritance-law\" \/>\n<meta property=\"og:site_name\" content=\"B\u00fcrgi N\u00e4geli Lawyers\" \/>\n<meta property=\"article:modified_time\" content=\"2015-11-12T09:25:17+00:00\" \/>\n<meta property=\"og:image\" content=\"https:\/\/www.bnlawyers.ch\/wp-content\/uploads\/2011\/08\/logo-bnl-map.jpg\" \/>\n<meta name=\"twitter:card\" content=\"summary_large_image\" \/>\n<meta name=\"twitter:site\" content=\"@bnlawyers\" \/>\n<meta name=\"twitter:label1\" content=\"Est. reading time\" \/>\n\t<meta name=\"twitter:data1\" content=\"1 minute\" \/>\n<script type=\"application\/ld+json\" class=\"yoast-schema-graph\">{\"@context\":\"https:\\\/\\\/schema.org\",\"@graph\":[{\"@type\":\"WebPage\",\"@id\":\"https:\\\/\\\/www.bnlawyers.ch\\\/en\\\/areas-of-law\\\/inheritance-law\",\"url\":\"https:\\\/\\\/www.bnlawyers.ch\\\/en\\\/areas-of-law\\\/inheritance-law\",\"name\":\"Inheritance law &#187; B\u00fcrgi N\u00e4geli Lawyers\",\"isPartOf\":{\"@id\":\"https:\\\/\\\/www.bnlawyers.ch\\\/en#website\"},\"datePublished\":\"2011-11-08T16:05:58+00:00\",\"dateModified\":\"2015-11-12T09:25:17+00:00\",\"breadcrumb\":{\"@id\":\"https:\\\/\\\/www.bnlawyers.ch\\\/en\\\/areas-of-law\\\/inheritance-law#breadcrumb\"},\"inLanguage\":\"en-US\",\"potentialAction\":[{\"@type\":\"ReadAction\",\"target\":[\"https:\\\/\\\/www.bnlawyers.ch\\\/en\\\/areas-of-law\\\/inheritance-law\"]}]},{\"@type\":\"BreadcrumbList\",\"@id\":\"https:\\\/\\\/www.bnlawyers.ch\\\/en\\\/areas-of-law\\\/inheritance-law#breadcrumb\",\"itemListElement\":[{\"@type\":\"ListItem\",\"position\":1,\"name\":\"Home\",\"item\":\"https:\\\/\\\/www.bnlawyers.ch\\\/en\"},{\"@type\":\"ListItem\",\"position\":2,\"name\":\"Areas of law\",\"item\":\"https:\\\/\\\/www.bnlawyers.ch\\\/en\\\/areas-of-law\"},{\"@type\":\"ListItem\",\"position\":3,\"name\":\"Inheritance law\"}]},{\"@type\":\"WebSite\",\"@id\":\"https:\\\/\\\/www.bnlawyers.ch\\\/en#website\",\"url\":\"https:\\\/\\\/www.bnlawyers.ch\\\/en\",\"name\":\"B\u00fcrgi N\u00e4geli Rechtsanw\u00e4lte\",\"description\":\"Law firm Zurich, Lawyers Zurich, Attorneys-at-law Switzerland\",\"publisher\":{\"@id\":\"https:\\\/\\\/www.bnlawyers.ch\\\/en#organization\"},\"potentialAction\":[{\"@type\":\"SearchAction\",\"target\":{\"@type\":\"EntryPoint\",\"urlTemplate\":\"https:\\\/\\\/www.bnlawyers.ch\\\/en?s={search_term_string}\"},\"query-input\":{\"@type\":\"PropertyValueSpecification\",\"valueRequired\":true,\"valueName\":\"search_term_string\"}}],\"inLanguage\":\"en-US\"},{\"@type\":[\"Organization\",\"Place\",\"LegalService\"],\"@id\":\"https:\\\/\\\/www.bnlawyers.ch\\\/en#organization\",\"name\":\"B\u00fcrgi N\u00e4geli Rechtsanw\u00e4lte\",\"url\":\"https:\\\/\\\/www.bnlawyers.ch\\\/en\",\"logo\":{\"@id\":\"https:\\\/\\\/www.bnlawyers.ch\\\/en\\\/areas-of-law\\\/inheritance-law#local-main-organization-logo\"},\"image\":{\"@id\":\"https:\\\/\\\/www.bnlawyers.ch\\\/en\\\/areas-of-law\\\/inheritance-law#local-main-organization-logo\"},\"sameAs\":[\"https:\\\/\\\/x.com\\\/bnlawyers\",\"https:\\\/\\\/www.linkedin.com\\\/company\\\/b-rgi-n-geli-rechtsanw-lte\"],\"address\":{\"@id\":\"https:\\\/\\\/www.bnlawyers.ch\\\/en\\\/areas-of-law\\\/inheritance-law#local-main-place-address\"},\"geo\":{\"@type\":\"GeoCoordinates\",\"latitude\":\"47.3699218\",\"longitude\":\"8.5437153\"},\"telephone\":[\"+41442684050\"],\"openingHoursSpecification\":[{\"@type\":\"OpeningHoursSpecification\",\"dayOfWeek\":[\"Monday\",\"Tuesday\",\"Wednesday\",\"Thursday\",\"Friday\"],\"opens\":\"08:00\",\"closes\":\"17:00\"},{\"@type\":\"OpeningHoursSpecification\",\"dayOfWeek\":[\"Saturday\",\"Sunday\"],\"opens\":\"00:00\",\"closes\":\"00:00\"}],\"email\":\"info@bnlawyers.ch\",\"faxNumber\":\"+41442684055\"},{\"@type\":\"PostalAddress\",\"@id\":\"https:\\\/\\\/www.bnlawyers.ch\\\/en\\\/areas-of-law\\\/inheritance-law#local-main-place-address\",\"streetAddress\":\"Grossm\u00fcnsterplatz 9\",\"addressLocality\":\"Z\u00fcrich\",\"postalCode\":\"8001\",\"addressRegion\":\"Z\u00fcrich\",\"addressCountry\":\"CH\"},{\"@type\":\"ImageObject\",\"inLanguage\":\"en-US\",\"@id\":\"https:\\\/\\\/www.bnlawyers.ch\\\/en\\\/areas-of-law\\\/inheritance-law#local-main-organization-logo\",\"url\":\"https:\\\/\\\/www.bnlawyers.ch\\\/wp-content\\\/uploads\\\/2021\\\/06\\\/bnl-logo-square.png\",\"contentUrl\":\"https:\\\/\\\/www.bnlawyers.ch\\\/wp-content\\\/uploads\\\/2021\\\/06\\\/bnl-logo-square.png\",\"width\":640,\"height\":640,\"caption\":\"B\u00fcrgi N\u00e4geli Rechtsanw\u00e4lte\"}]}<\/script>\n<meta name=\"geo.placename\" content=\"Z\u00fcrich\" \/>\n<meta name=\"geo.position\" content=\"47.3699218;8.5437153\" \/>\n<meta name=\"geo.region\" content=\"Switzerland\" \/>\n<!-- \/ Yoast SEO Premium plugin. -->","yoast_head_json":{"title":"Inheritance law &#187; B\u00fcrgi N\u00e4geli Lawyers","robots":{"index":"index","follow":"follow","max-snippet":"max-snippet:-1","max-image-preview":"max-image-preview:large","max-video-preview":"max-video-preview:-1"},"canonical":"https:\/\/www.bnlawyers.ch\/en\/areas-of-law\/inheritance-law","og_locale":"en_US","og_type":"article","og_title":"Inheritance law","og_description":"We advise testators on asset and bequest planning, as well as on corporate succession, by means of either lifetime allocations such as: gifts inheritance advances foundations trusts etc. sei es mittels letztwilliger Verf\u00fcgungen: wills inheritance contracts foundations We execute wills, handle matters of parental authority and support of handicapped successors. We specialize in real estate&hellip;&nbsp;Read More &raquo;Inheritance law","og_url":"https:\/\/www.bnlawyers.ch\/en\/areas-of-law\/inheritance-law","og_site_name":"B\u00fcrgi N\u00e4geli Lawyers","article_modified_time":"2015-11-12T09:25:17+00:00","og_image":[{"url":"https:\/\/www.bnlawyers.ch\/wp-content\/uploads\/2011\/08\/logo-bnl-map.jpg","type":"","width":"","height":""}],"twitter_card":"summary_large_image","twitter_site":"@bnlawyers","twitter_misc":{"Est. reading time":"1 minute"},"schema":{"@context":"https:\/\/schema.org","@graph":[{"@type":"WebPage","@id":"https:\/\/www.bnlawyers.ch\/en\/areas-of-law\/inheritance-law","url":"https:\/\/www.bnlawyers.ch\/en\/areas-of-law\/inheritance-law","name":"Inheritance law &#187; B\u00fcrgi N\u00e4geli Lawyers","isPartOf":{"@id":"https:\/\/www.bnlawyers.ch\/en#website"},"datePublished":"2011-11-08T16:05:58+00:00","dateModified":"2015-11-12T09:25:17+00:00","breadcrumb":{"@id":"https:\/\/www.bnlawyers.ch\/en\/areas-of-law\/inheritance-law#breadcrumb"},"inLanguage":"en-US","potentialAction":[{"@type":"ReadAction","target":["https:\/\/www.bnlawyers.ch\/en\/areas-of-law\/inheritance-law"]}]},{"@type":"BreadcrumbList","@id":"https:\/\/www.bnlawyers.ch\/en\/areas-of-law\/inheritance-law#breadcrumb","itemListElement":[{"@type":"ListItem","position":1,"name":"Home","item":"https:\/\/www.bnlawyers.ch\/en"},{"@type":"ListItem","position":2,"name":"Areas of law","item":"https:\/\/www.bnlawyers.ch\/en\/areas-of-law"},{"@type":"ListItem","position":3,"name":"Inheritance law"}]},{"@type":"WebSite","@id":"https:\/\/www.bnlawyers.ch\/en#website","url":"https:\/\/www.bnlawyers.ch\/en","name":"B\u00fcrgi N\u00e4geli Rechtsanw\u00e4lte","description":"Law firm Zurich, Lawyers Zurich, Attorneys-at-law Switzerland","publisher":{"@id":"https:\/\/www.bnlawyers.ch\/en#organization"},"potentialAction":[{"@type":"SearchAction","target":{"@type":"EntryPoint","urlTemplate":"https:\/\/www.bnlawyers.ch\/en?s={search_term_string}"},"query-input":{"@type":"PropertyValueSpecification","valueRequired":true,"valueName":"search_term_string"}}],"inLanguage":"en-US"},{"@type":["Organization","Place","LegalService"],"@id":"https:\/\/www.bnlawyers.ch\/en#organization","name":"B\u00fcrgi N\u00e4geli Rechtsanw\u00e4lte","url":"https:\/\/www.bnlawyers.ch\/en","logo":{"@id":"https:\/\/www.bnlawyers.ch\/en\/areas-of-law\/inheritance-law#local-main-organization-logo"},"image":{"@id":"https:\/\/www.bnlawyers.ch\/en\/areas-of-law\/inheritance-law#local-main-organization-logo"},"sameAs":["https:\/\/x.com\/bnlawyers","https:\/\/www.linkedin.com\/company\/b-rgi-n-geli-rechtsanw-lte"],"address":{"@id":"https:\/\/www.bnlawyers.ch\/en\/areas-of-law\/inheritance-law#local-main-place-address"},"geo":{"@type":"GeoCoordinates","latitude":"47.3699218","longitude":"8.5437153"},"telephone":["+41442684050"],"openingHoursSpecification":[{"@type":"OpeningHoursSpecification","dayOfWeek":["Monday","Tuesday","Wednesday","Thursday","Friday"],"opens":"08:00","closes":"17:00"},{"@type":"OpeningHoursSpecification","dayOfWeek":["Saturday","Sunday"],"opens":"00:00","closes":"00:00"}],"email":"info@bnlawyers.ch","faxNumber":"+41442684055"},{"@type":"PostalAddress","@id":"https:\/\/www.bnlawyers.ch\/en\/areas-of-law\/inheritance-law#local-main-place-address","streetAddress":"Grossm\u00fcnsterplatz 9","addressLocality":"Z\u00fcrich","postalCode":"8001","addressRegion":"Z\u00fcrich","addressCountry":"CH"},{"@type":"ImageObject","inLanguage":"en-US","@id":"https:\/\/www.bnlawyers.ch\/en\/areas-of-law\/inheritance-law#local-main-organization-logo","url":"https:\/\/www.bnlawyers.ch\/wp-content\/uploads\/2021\/06\/bnl-logo-square.png","contentUrl":"https:\/\/www.bnlawyers.ch\/wp-content\/uploads\/2021\/06\/bnl-logo-square.png","width":640,"height":640,"caption":"B\u00fcrgi N\u00e4geli Rechtsanw\u00e4lte"}]},"geo.placename":"Z\u00fcrich","geo.position":{"lat":"47.3699218","long":"8.5437153"},"geo.region":"Switzerland"},"_links":{"self":[{"href":"https:\/\/www.bnlawyers.ch\/en\/wp-json\/wp\/v2\/pages\/1076","targetHints":{"allow":["GET"]}}],"collection":[{"href":"https:\/\/www.bnlawyers.ch\/en\/wp-json\/wp\/v2\/pages"}],"about":[{"href":"https:\/\/www.bnlawyers.ch\/en\/wp-json\/wp\/v2\/types\/page"}],"author":[{"embeddable":true,"href":"https:\/\/www.bnlawyers.ch\/en\/wp-json\/wp\/v2\/users\/2"}],"replies":[{"embeddable":true,"href":"https:\/\/www.bnlawyers.ch\/en\/wp-json\/wp\/v2\/comments?post=1076"}],"version-history":[{"count":0,"href":"https:\/\/www.bnlawyers.ch\/en\/wp-json\/wp\/v2\/pages\/1076\/revisions"}],"up":[{"embeddable":true,"href":"https:\/\/www.bnlawyers.ch\/en\/wp-json\/wp\/v2\/pages\/1066"}],"wp:attachment":[{"href":"https:\/\/www.bnlawyers.ch\/en\/wp-json\/wp\/v2\/media?parent=1076"}],"wp:term":[{"taxonomy":"rechtsgebiet","embeddable":true,"href":"https:\/\/www.bnlawyers.ch\/en\/wp-json\/wp\/v2\/rechtsgebiet?post=1076"}],"curies":[{"name":"wp","href":"https:\/\/api.w.org\/{rel}","templated":true}]}}